{"id":922,"date":"2024-02-01T20:16:51","date_gmt":"2024-02-01T19:16:51","guid":{"rendered":"https:\/\/laatrevida.com\/?post_type=product&#038;p=922"},"modified":"2024-02-01T20:16:51","modified_gmt":"2024-02-01T19:16:51","slug":"portavelas-clasico-gris","status":"publish","type":"product","link":"https:\/\/laatrevida.com\/en\/product\/portavelas-clasico-gris\/","title":{"rendered":"Portavelas Cl\u00e1sico Gris"},"content":{"rendered":"<p>El portavelas cl\u00e1sico en color gris pintado a mano es un accesorio decorativo elegante y sofisticado. El color gris es un tono neutral que combina bien con una amplia variedad de estilos de decoraci\u00f3n, lo que lo hace ideal para una variedad de espacios, desde salas de estar hasta comedores. Este tipo de candelabro suele tener un dise\u00f1o cl\u00e1sico y elegante, con l\u00edneas sencillas y detalles sutiles que lo hacen apropiado para cualquier estilo de decoraci\u00f3n, desde el estilo antiguo hasta el moderno. Made in India. <\/p>\n<p>Medidas (cm) 4x9x9<\/p>","protected":false},"excerpt":{"rendered":"<p>Portavelas Cl\u00e1sico Gris<\/p>","protected":false},"featured_media":923,"comment_status":"open","ping_status":"closed","template":"","meta":[],"product_cat":[20],"product_tag":[],"yoast_head":"<!-- This site is optimized with the Yoast SEO plugin v21.9.1 - https:\/\/yoast.com\/wordpress\/plugins\/seo\/ -->\n<title>Portavelas Cl\u00e1sico Gris - La Atrevida Eventos<\/title>\n<meta name=\"robots\" content=\"index, follow, max-snippet:-1, max-image-preview:large, max-video-preview:-1\" \/>\n<link rel=\"canonical\" href=\"https:\/\/laatrevida.com\/en\/product\/portavelas-clasico-gris\/\" \/>\n<meta property=\"og:locale\" content=\"en_GB\" \/>\n<meta property=\"og:type\" content=\"article\" \/>\n<meta property=\"og:title\" content=\"Portavelas Cl\u00e1sico Gris - La Atrevida Eventos\" \/>\n<meta property=\"og:description\" content=\"Portavelas Cl\u00e1sico Gris\" \/>\n<meta property=\"og:url\" content=\"https:\/\/laatrevida.com\/en\/product\/portavelas-clasico-gris\/\" \/>\n<meta property=\"og:site_name\" content=\"La Atrevida Eventos\" \/>\n<meta property=\"og:image\" content=\"https:\/\/laatrevida.com\/wp-content\/uploads\/2024\/02\/Art.-Deco-15.jpg\" \/>\n\t<meta property=\"og:image:width\" content=\"1935\" \/>\n\t<meta property=\"og:image:height\" content=\"1935\" \/>\n\t<meta property=\"og:image:type\" content=\"image\/jpeg\" \/>\n<meta name=\"twitter:card\" content=\"summary_large_image\" \/>\n<script type=\"application\/ld+json\" class=\"yoast-schema-graph\">{\"@context\":\"https:\/\/schema.org\",\"@graph\":[{\"@type\":\"WebPage\",\"@id\":\"https:\/\/laatrevida.com\/producto\/portavelas-clasico-gris\/\",\"url\":\"https:\/\/laatrevida.com\/producto\/portavelas-clasico-gris\/\",\"name\":\"Portavelas Cl\u00e1sico Gris - La Atrevida Eventos\",\"isPartOf\":{\"@id\":\"https:\/\/laatrevida.com\/#website\"},\"datePublished\":\"2024-02-01T19:16:51+00:00\",\"dateModified\":\"2024-02-01T19:16:51+00:00\",\"breadcrumb\":{\"@id\":\"https:\/\/laatrevida.com\/producto\/portavelas-clasico-gris\/#breadcrumb\"},\"inLanguage\":\"en-GB\",\"potentialAction\":[{\"@type\":\"ReadAction\",\"target\":[\"https:\/\/laatrevida.com\/producto\/portavelas-clasico-gris\/\"]}]},{\"@type\":\"BreadcrumbList\",\"@id\":\"https:\/\/laatrevida.com\/producto\/portavelas-clasico-gris\/#breadcrumb\",\"itemListElement\":[{\"@type\":\"ListItem\",\"position\":1,\"name\":\"Portada\",\"item\":\"https:\/\/laatrevida.com\/\"},{\"@type\":\"ListItem\",\"position\":2,\"name\":\"Tienda\",\"item\":\"https:\/\/laatrevida.com\/tienda\/\"},{\"@type\":\"ListItem\",\"position\":3,\"name\":\"Portavelas Cl\u00e1sico Gris\"}]},{\"@type\":\"WebSite\",\"@id\":\"https:\/\/laatrevida.com\/#website\",\"url\":\"https:\/\/laatrevida.com\/\",\"name\":\"La Atrevida Eventos\",\"description\":\"Wedding Planner y Eventos\",\"potentialAction\":[{\"@type\":\"SearchAction\",\"target\":{\"@type\":\"EntryPoint\",\"urlTemplate\":\"https:\/\/laatrevida.com\/?s={search_term_string}\"},\"query-input\":\"required name=search_term_string\"}],\"inLanguage\":\"en-GB\"}]}<\/script>\n<!-- \/ Yoast SEO plugin. -->","yoast_head_json":{"title":"Portavelas Cl\u00e1sico Gris - La Atrevida Eventos","robots":{"index":"index","follow":"follow","max-snippet":"max-snippet:-1","max-image-preview":"max-image-preview:large","max-video-preview":"max-video-preview:-1"},"canonical":"https:\/\/laatrevida.com\/en\/product\/portavelas-clasico-gris\/","og_locale":"en_GB","og_type":"article","og_title":"Portavelas Cl\u00e1sico Gris - La Atrevida Eventos","og_description":"Portavelas Cl\u00e1sico Gris","og_url":"https:\/\/laatrevida.com\/en\/product\/portavelas-clasico-gris\/","og_site_name":"La Atrevida Eventos","og_image":[{"width":1935,"height":1935,"url":"https:\/\/laatrevida.com\/wp-content\/uploads\/2024\/02\/Art.-Deco-15.jpg","type":"image\/jpeg"}],"twitter_card":"summary_large_image","schema":{"@context":"https:\/\/schema.org","@graph":[{"@type":"WebPage","@id":"https:\/\/laatrevida.com\/producto\/portavelas-clasico-gris\/","url":"https:\/\/laatrevida.com\/producto\/portavelas-clasico-gris\/","name":"Portavelas Cl\u00e1sico Gris - La Atrevida Eventos","isPartOf":{"@id":"https:\/\/laatrevida.com\/#website"},"datePublished":"2024-02-01T19:16:51+00:00","dateModified":"2024-02-01T19:16:51+00:00","breadcrumb":{"@id":"https:\/\/laatrevida.com\/producto\/portavelas-clasico-gris\/#breadcrumb"},"inLanguage":"en-GB","potentialAction":[{"@type":"ReadAction","target":["https:\/\/laatrevida.com\/producto\/portavelas-clasico-gris\/"]}]},{"@type":"BreadcrumbList","@id":"https:\/\/laatrevida.com\/producto\/portavelas-clasico-gris\/#breadcrumb","itemListElement":[{"@type":"ListItem","position":1,"name":"Portada","item":"https:\/\/laatrevida.com\/"},{"@type":"ListItem","position":2,"name":"Tienda","item":"https:\/\/laatrevida.com\/tienda\/"},{"@type":"ListItem","position":3,"name":"Portavelas Cl\u00e1sico Gris"}]},{"@type":"WebSite","@id":"https:\/\/laatrevida.com\/#website","url":"https:\/\/laatrevida.com\/","name":"La Atrevida Eventos","description":"Wedding Planner y Eventos","potentialAction":[{"@type":"SearchAction","target":{"@type":"EntryPoint","urlTemplate":"https:\/\/laatrevida.com\/?s={search_term_string}"},"query-input":"required name=search_term_string"}],"inLanguage":"en-GB"}]}},"_links":{"self":[{"href":"https:\/\/laatrevida.com\/en\/wp-json\/wp\/v2\/product\/922"}],"collection":[{"href":"https:\/\/laatrevida.com\/en\/wp-json\/wp\/v2\/product"}],"about":[{"href":"https:\/\/laatrevida.com\/en\/wp-json\/wp\/v2\/types\/product"}],"replies":[{"embeddable":true,"href":"https:\/\/laatrevida.com\/en\/wp-json\/wp\/v2\/comments?post=922"}],"wp:featuredmedia":[{"embeddable":true,"href":"https:\/\/laatrevida.com\/en\/wp-json\/wp\/v2\/media\/923"}],"wp:attachment":[{"href":"https:\/\/laatrevida.com\/en\/wp-json\/wp\/v2\/media?parent=922"}],"wp:term":[{"taxonomy":"product_cat","embeddable":true,"href":"https:\/\/laatrevida.com\/en\/wp-json\/wp\/v2\/product_cat?post=922"},{"taxonomy":"product_tag","embeddable":true,"href":"https:\/\/laatrevida.com\/en\/wp-json\/wp\/v2\/product_tag?post=922"}],"curies":[{"name":"wp","href":"https:\/\/api.w.org\/{rel}","templated":true}]}}