{"id":903,"date":"2024-02-01T20:05:46","date_gmt":"2024-02-01T19:05:46","guid":{"rendered":"https:\/\/laatrevida.com\/?post_type=product&#038;p=903"},"modified":"2024-02-01T20:05:46","modified_gmt":"2024-02-01T19:05:46","slug":"cojin-corazon","status":"publish","type":"product","link":"https:\/\/laatrevida.com\/en\/product\/cojin-corazon\/","title":{"rendered":"Coj\u00edn Coraz\u00f3n"},"content":{"rendered":"<p>Coj\u00edn marshmallow en forma de coraz\u00f3n. Ideal para decorar tu hogar, d\u00e1ndole un toque divertido y dulce a cualquier rinc\u00f3n. Tambi\u00e9n es perfecto para descansar, ya que su textura es muy suave y tiene un relleno mullido y c\u00f3modo. <\/p>\n<p>Medidas 25x10x15<\/p>","protected":false},"excerpt":{"rendered":"<p>Coj\u00edn marshmallow Coraz\u00f3n<\/p>","protected":false},"featured_media":904,"comment_status":"open","ping_status":"closed","template":"","meta":[],"product_cat":[20],"product_tag":[],"yoast_head":"<!-- This site is optimized with the Yoast SEO plugin v21.9.1 - https:\/\/yoast.com\/wordpress\/plugins\/seo\/ -->\n<title>Coj\u00edn Coraz\u00f3n - La Atrevida Eventos<\/title>\n<meta name=\"robots\" content=\"index, follow, max-snippet:-1, max-image-preview:large, max-video-preview:-1\" \/>\n<link rel=\"canonical\" href=\"https:\/\/laatrevida.com\/en\/product\/cojin-corazon\/\" \/>\n<meta property=\"og:locale\" content=\"en_GB\" \/>\n<meta property=\"og:type\" content=\"article\" \/>\n<meta property=\"og:title\" content=\"Coj\u00edn Coraz\u00f3n - La Atrevida Eventos\" \/>\n<meta property=\"og:description\" content=\"Coj\u00edn marshmallow Coraz\u00f3n\" \/>\n<meta property=\"og:url\" content=\"https:\/\/laatrevida.com\/en\/product\/cojin-corazon\/\" \/>\n<meta property=\"og:site_name\" content=\"La Atrevida Eventos\" \/>\n<meta property=\"og:image\" content=\"https:\/\/laatrevida.com\/wp-content\/uploads\/2024\/02\/Art.-Deco.8.jpeg\" \/>\n\t<meta property=\"og:image:width\" content=\"1600\" \/>\n\t<meta property=\"og:image:height\" content=\"1600\" \/>\n\t<meta property=\"og:image:type\" content=\"image\/jpeg\" \/>\n<meta name=\"twitter:card\" content=\"summary_large_image\" \/>\n<script type=\"application\/ld+json\" class=\"yoast-schema-graph\">{\"@context\":\"https:\/\/schema.org\",\"@graph\":[{\"@type\":\"WebPage\",\"@id\":\"https:\/\/laatrevida.com\/producto\/cojin-corazon\/\",\"url\":\"https:\/\/laatrevida.com\/producto\/cojin-corazon\/\",\"name\":\"Coj\u00edn Coraz\u00f3n - La Atrevida Eventos\",\"isPartOf\":{\"@id\":\"https:\/\/laatrevida.com\/#website\"},\"datePublished\":\"2024-02-01T19:05:46+00:00\",\"dateModified\":\"2024-02-01T19:05:46+00:00\",\"breadcrumb\":{\"@id\":\"https:\/\/laatrevida.com\/producto\/cojin-corazon\/#breadcrumb\"},\"inLanguage\":\"en-GB\",\"potentialAction\":[{\"@type\":\"ReadAction\",\"target\":[\"https:\/\/laatrevida.com\/producto\/cojin-corazon\/\"]}]},{\"@type\":\"BreadcrumbList\",\"@id\":\"https:\/\/laatrevida.com\/producto\/cojin-corazon\/#breadcrumb\",\"itemListElement\":[{\"@type\":\"ListItem\",\"position\":1,\"name\":\"Portada\",\"item\":\"https:\/\/laatrevida.com\/\"},{\"@type\":\"ListItem\",\"position\":2,\"name\":\"Tienda\",\"item\":\"https:\/\/laatrevida.com\/tienda\/\"},{\"@type\":\"ListItem\",\"position\":3,\"name\":\"Coj\u00edn Coraz\u00f3n\"}]},{\"@type\":\"WebSite\",\"@id\":\"https:\/\/laatrevida.com\/#website\",\"url\":\"https:\/\/laatrevida.com\/\",\"name\":\"La Atrevida Eventos\",\"description\":\"Wedding Planner y Eventos\",\"potentialAction\":[{\"@type\":\"SearchAction\",\"target\":{\"@type\":\"EntryPoint\",\"urlTemplate\":\"https:\/\/laatrevida.com\/?s={search_term_string}\"},\"query-input\":\"required name=search_term_string\"}],\"inLanguage\":\"en-GB\"}]}<\/script>\n<!-- \/ Yoast SEO plugin. -->","yoast_head_json":{"title":"Coj\u00edn Coraz\u00f3n - La Atrevida Eventos","robots":{"index":"index","follow":"follow","max-snippet":"max-snippet:-1","max-image-preview":"max-image-preview:large","max-video-preview":"max-video-preview:-1"},"canonical":"https:\/\/laatrevida.com\/en\/product\/cojin-corazon\/","og_locale":"en_GB","og_type":"article","og_title":"Coj\u00edn Coraz\u00f3n - La Atrevida Eventos","og_description":"Coj\u00edn marshmallow Coraz\u00f3n","og_url":"https:\/\/laatrevida.com\/en\/product\/cojin-corazon\/","og_site_name":"La Atrevida Eventos","og_image":[{"width":1600,"height":1600,"url":"https:\/\/laatrevida.com\/wp-content\/uploads\/2024\/02\/Art.-Deco.8.jpeg","type":"image\/jpeg"}],"twitter_card":"summary_large_image","schema":{"@context":"https:\/\/schema.org","@graph":[{"@type":"WebPage","@id":"https:\/\/laatrevida.com\/producto\/cojin-corazon\/","url":"https:\/\/laatrevida.com\/producto\/cojin-corazon\/","name":"Coj\u00edn Coraz\u00f3n - La Atrevida Eventos","isPartOf":{"@id":"https:\/\/laatrevida.com\/#website"},"datePublished":"2024-02-01T19:05:46+00:00","dateModified":"2024-02-01T19:05:46+00:00","breadcrumb":{"@id":"https:\/\/laatrevida.com\/producto\/cojin-corazon\/#breadcrumb"},"inLanguage":"en-GB","potentialAction":[{"@type":"ReadAction","target":["https:\/\/laatrevida.com\/producto\/cojin-corazon\/"]}]},{"@type":"BreadcrumbList","@id":"https:\/\/laatrevida.com\/producto\/cojin-corazon\/#breadcrumb","itemListElement":[{"@type":"ListItem","position":1,"name":"Portada","item":"https:\/\/laatrevida.com\/"},{"@type":"ListItem","position":2,"name":"Tienda","item":"https:\/\/laatrevida.com\/tienda\/"},{"@type":"ListItem","position":3,"name":"Coj\u00edn Coraz\u00f3n"}]},{"@type":"WebSite","@id":"https:\/\/laatrevida.com\/#website","url":"https:\/\/laatrevida.com\/","name":"La Atrevida Eventos","description":"Wedding Planner y Eventos","potentialAction":[{"@type":"SearchAction","target":{"@type":"EntryPoint","urlTemplate":"https:\/\/laatrevida.com\/?s={search_term_string}"},"query-input":"required name=search_term_string"}],"inLanguage":"en-GB"}]}},"_links":{"self":[{"href":"https:\/\/laatrevida.com\/en\/wp-json\/wp\/v2\/product\/903"}],"collection":[{"href":"https:\/\/laatrevida.com\/en\/wp-json\/wp\/v2\/product"}],"about":[{"href":"https:\/\/laatrevida.com\/en\/wp-json\/wp\/v2\/types\/product"}],"replies":[{"embeddable":true,"href":"https:\/\/laatrevida.com\/en\/wp-json\/wp\/v2\/comments?post=903"}],"wp:featuredmedia":[{"embeddable":true,"href":"https:\/\/laatrevida.com\/en\/wp-json\/wp\/v2\/media\/904"}],"wp:attachment":[{"href":"https:\/\/laatrevida.com\/en\/wp-json\/wp\/v2\/media?parent=903"}],"wp:term":[{"taxonomy":"product_cat","embeddable":true,"href":"https:\/\/laatrevida.com\/en\/wp-json\/wp\/v2\/product_cat?post=903"},{"taxonomy":"product_tag","embeddable":true,"href":"https:\/\/laatrevida.com\/en\/wp-json\/wp\/v2\/product_tag?post=903"}],"curies":[{"name":"wp","href":"https:\/\/api.w.org\/{rel}","templated":true}]}}