{"id":882,"date":"2024-02-01T19:54:46","date_gmt":"2024-02-01T18:54:46","guid":{"rendered":"https:\/\/laatrevida.com\/?post_type=product&#038;p=882"},"modified":"2024-02-01T19:54:46","modified_gmt":"2024-02-01T18:54:46","slug":"set-cafe-miss-caffeine","status":"publish","type":"product","link":"https:\/\/laatrevida.com\/en\/product\/set-cafe-miss-caffeine\/","title":{"rendered":"Set Caf\u00e9 \u00abMiss Caffeine\u00bb"},"content":{"rendered":"<p>Set de bandeja y taza de porcelana de color azul fuerte con detalles dorados. La taza es hexagonal y alta. Incluye tambi\u00e9n una cucharita met\u00e1lica de color dorado. Tanto en la taza como en la bandeja, tienen un dise\u00f1o de una chica tomando caf\u00e9. En la taza tiene escrito el mensaje \u00abMiss caffeine\u00bb. Un set perfecto para empezar el d\u00eda con buen pie.<\/p>","protected":false},"excerpt":{"rendered":"<div dir=\"ltr\">\n<div class=\"input-box\" spellcheck=\"false\">\n<div id=\"waffle-rich-text-editor\" class=\"cell-input editable disabled-input\" dir=\"ltr\" tabindex=\"0\" role=\"combobox\" contenteditable=\"false\" aria-autocomplete=\"list\" aria-label=\"B4\">Set de bandeja, taza y cucharita met\u00e1lica<\/div>\n<\/div>\n<\/div>\n<div><\/div>","protected":false},"featured_media":883,"comment_status":"open","ping_status":"closed","template":"","meta":[],"product_cat":[20],"product_tag":[],"yoast_head":"<!-- This site is optimized with the Yoast SEO plugin v21.9.1 - https:\/\/yoast.com\/wordpress\/plugins\/seo\/ -->\n<title>Set Caf\u00e9 &quot;Miss Caffeine&quot; - La Atrevida Eventos<\/title>\n<meta name=\"robots\" content=\"index, follow, max-snippet:-1, max-image-preview:large, max-video-preview:-1\" \/>\n<link rel=\"canonical\" href=\"https:\/\/laatrevida.com\/en\/product\/set-cafe-miss-caffeine\/\" \/>\n<meta property=\"og:locale\" content=\"en_GB\" \/>\n<meta property=\"og:type\" content=\"article\" \/>\n<meta property=\"og:title\" content=\"Set Caf\u00e9 &quot;Miss Caffeine&quot; - La Atrevida Eventos\" \/>\n<meta property=\"og:description\" content=\"Set de bandeja, taza y cucharita met\u00e1lica\" \/>\n<meta property=\"og:url\" content=\"https:\/\/laatrevida.com\/en\/product\/set-cafe-miss-caffeine\/\" \/>\n<meta property=\"og:site_name\" content=\"La Atrevida Eventos\" \/>\n<meta property=\"og:image\" content=\"https:\/\/laatrevida.com\/wp-content\/uploads\/2024\/02\/Art.Reg_.2.jpeg\" \/>\n\t<meta property=\"og:image:width\" content=\"1600\" \/>\n\t<meta property=\"og:image:height\" content=\"1600\" \/>\n\t<meta property=\"og:image:type\" content=\"image\/jpeg\" \/>\n<meta name=\"twitter:card\" content=\"summary_large_image\" \/>\n<script type=\"application\/ld+json\" class=\"yoast-schema-graph\">{\"@context\":\"https:\/\/schema.org\",\"@graph\":[{\"@type\":\"WebPage\",\"@id\":\"https:\/\/laatrevida.com\/producto\/set-cafe-miss-caffeine\/\",\"url\":\"https:\/\/laatrevida.com\/producto\/set-cafe-miss-caffeine\/\",\"name\":\"Set Caf\u00e9 \\\"Miss Caffeine\\\" - La Atrevida Eventos\",\"isPartOf\":{\"@id\":\"https:\/\/laatrevida.com\/#website\"},\"datePublished\":\"2024-02-01T18:54:46+00:00\",\"dateModified\":\"2024-02-01T18:54:46+00:00\",\"breadcrumb\":{\"@id\":\"https:\/\/laatrevida.com\/producto\/set-cafe-miss-caffeine\/#breadcrumb\"},\"inLanguage\":\"en-GB\",\"potentialAction\":[{\"@type\":\"ReadAction\",\"target\":[\"https:\/\/laatrevida.com\/producto\/set-cafe-miss-caffeine\/\"]}]},{\"@type\":\"BreadcrumbList\",\"@id\":\"https:\/\/laatrevida.com\/producto\/set-cafe-miss-caffeine\/#breadcrumb\",\"itemListElement\":[{\"@type\":\"ListItem\",\"position\":1,\"name\":\"Portada\",\"item\":\"https:\/\/laatrevida.com\/\"},{\"@type\":\"ListItem\",\"position\":2,\"name\":\"Tienda\",\"item\":\"https:\/\/laatrevida.com\/tienda\/\"},{\"@type\":\"ListItem\",\"position\":3,\"name\":\"Set Caf\u00e9 \u00abMiss Caffeine\u00bb\"}]},{\"@type\":\"WebSite\",\"@id\":\"https:\/\/laatrevida.com\/#website\",\"url\":\"https:\/\/laatrevida.com\/\",\"name\":\"La Atrevida Eventos\",\"description\":\"Wedding Planner y Eventos\",\"potentialAction\":[{\"@type\":\"SearchAction\",\"target\":{\"@type\":\"EntryPoint\",\"urlTemplate\":\"https:\/\/laatrevida.com\/?s={search_term_string}\"},\"query-input\":\"required name=search_term_string\"}],\"inLanguage\":\"en-GB\"}]}<\/script>\n<!-- \/ Yoast SEO plugin. -->","yoast_head_json":{"title":"Set Caf\u00e9 \"Miss Caffeine\" - La Atrevida Eventos","robots":{"index":"index","follow":"follow","max-snippet":"max-snippet:-1","max-image-preview":"max-image-preview:large","max-video-preview":"max-video-preview:-1"},"canonical":"https:\/\/laatrevida.com\/en\/product\/set-cafe-miss-caffeine\/","og_locale":"en_GB","og_type":"article","og_title":"Set Caf\u00e9 \"Miss Caffeine\" - La Atrevida Eventos","og_description":"Set de bandeja, taza y cucharita met\u00e1lica","og_url":"https:\/\/laatrevida.com\/en\/product\/set-cafe-miss-caffeine\/","og_site_name":"La Atrevida Eventos","og_image":[{"width":1600,"height":1600,"url":"https:\/\/laatrevida.com\/wp-content\/uploads\/2024\/02\/Art.Reg_.2.jpeg","type":"image\/jpeg"}],"twitter_card":"summary_large_image","schema":{"@context":"https:\/\/schema.org","@graph":[{"@type":"WebPage","@id":"https:\/\/laatrevida.com\/producto\/set-cafe-miss-caffeine\/","url":"https:\/\/laatrevida.com\/producto\/set-cafe-miss-caffeine\/","name":"Set Caf\u00e9 \"Miss Caffeine\" - La Atrevida Eventos","isPartOf":{"@id":"https:\/\/laatrevida.com\/#website"},"datePublished":"2024-02-01T18:54:46+00:00","dateModified":"2024-02-01T18:54:46+00:00","breadcrumb":{"@id":"https:\/\/laatrevida.com\/producto\/set-cafe-miss-caffeine\/#breadcrumb"},"inLanguage":"en-GB","potentialAction":[{"@type":"ReadAction","target":["https:\/\/laatrevida.com\/producto\/set-cafe-miss-caffeine\/"]}]},{"@type":"BreadcrumbList","@id":"https:\/\/laatrevida.com\/producto\/set-cafe-miss-caffeine\/#breadcrumb","itemListElement":[{"@type":"ListItem","position":1,"name":"Portada","item":"https:\/\/laatrevida.com\/"},{"@type":"ListItem","position":2,"name":"Tienda","item":"https:\/\/laatrevida.com\/tienda\/"},{"@type":"ListItem","position":3,"name":"Set Caf\u00e9 \u00abMiss Caffeine\u00bb"}]},{"@type":"WebSite","@id":"https:\/\/laatrevida.com\/#website","url":"https:\/\/laatrevida.com\/","name":"La Atrevida Eventos","description":"Wedding Planner y Eventos","potentialAction":[{"@type":"SearchAction","target":{"@type":"EntryPoint","urlTemplate":"https:\/\/laatrevida.com\/?s={search_term_string}"},"query-input":"required name=search_term_string"}],"inLanguage":"en-GB"}]}},"_links":{"self":[{"href":"https:\/\/laatrevida.com\/en\/wp-json\/wp\/v2\/product\/882"}],"collection":[{"href":"https:\/\/laatrevida.com\/en\/wp-json\/wp\/v2\/product"}],"about":[{"href":"https:\/\/laatrevida.com\/en\/wp-json\/wp\/v2\/types\/product"}],"replies":[{"embeddable":true,"href":"https:\/\/laatrevida.com\/en\/wp-json\/wp\/v2\/comments?post=882"}],"wp:featuredmedia":[{"embeddable":true,"href":"https:\/\/laatrevida.com\/en\/wp-json\/wp\/v2\/media\/883"}],"wp:attachment":[{"href":"https:\/\/laatrevida.com\/en\/wp-json\/wp\/v2\/media?parent=882"}],"wp:term":[{"taxonomy":"product_cat","embeddable":true,"href":"https:\/\/laatrevida.com\/en\/wp-json\/wp\/v2\/product_cat?post=882"},{"taxonomy":"product_tag","embeddable":true,"href":"https:\/\/laatrevida.com\/en\/wp-json\/wp\/v2\/product_tag?post=882"}],"curies":[{"name":"wp","href":"https:\/\/api.w.org\/{rel}","templated":true}]}}