{"id":705,"date":"2024-02-01T16:38:51","date_gmt":"2024-02-01T15:38:51","guid":{"rendered":"https:\/\/laatrevida.com\/?post_type=product&#038;p=705"},"modified":"2024-02-01T16:38:52","modified_gmt":"2024-02-01T15:38:52","slug":"cojin-zodiaco","status":"publish","type":"product","link":"https:\/\/laatrevida.com\/en\/product\/cojin-zodiaco\/","title":{"rendered":"Coj\u00edn Zod\u00edaco"},"content":{"rendered":"<p>Coj\u00edn cuadrado negro con dise\u00f1o de rueda del Zod\u00edaco en la parte delantera. Decora tu cama, tu sof\u00e1 o tu ambiente favorito para darle un estilo elegante y m\u00edstico. Si pones el dibujo a la luz, posteriormente brilla en la oscuridad! <\/p>\n<p>Medidas: 45x45x10<\/p>","protected":false},"excerpt":{"rendered":"<div dir=\"ltr\">\n<div class=\"input-box\" spellcheck=\"false\">\n<div id=\"waffle-rich-text-editor\" class=\"cell-input editable disabled-input\" dir=\"ltr\" tabindex=\"0\" role=\"combobox\" contenteditable=\"false\" aria-autocomplete=\"list\" aria-label=\"B7\">Coj\u00edn Zodiaco que brilla en la oscuridad<\/div>\n<\/div>\n<\/div>","protected":false},"featured_media":706,"comment_status":"open","ping_status":"closed","template":"","meta":[],"product_cat":[20],"product_tag":[],"yoast_head":"<!-- This site is optimized with the Yoast SEO plugin v21.9.1 - https:\/\/yoast.com\/wordpress\/plugins\/seo\/ -->\n<title>Coj\u00edn Zod\u00edaco - La Atrevida Eventos<\/title>\n<meta name=\"robots\" content=\"index, follow, max-snippet:-1, max-image-preview:large, max-video-preview:-1\" \/>\n<link rel=\"canonical\" href=\"https:\/\/laatrevida.com\/en\/product\/cojin-zodiaco\/\" \/>\n<meta property=\"og:locale\" content=\"en_GB\" \/>\n<meta property=\"og:type\" content=\"article\" \/>\n<meta property=\"og:title\" content=\"Coj\u00edn Zod\u00edaco - La Atrevida Eventos\" \/>\n<meta property=\"og:description\" content=\"Coj\u00edn Zodiaco que brilla en la oscuridad\" \/>\n<meta property=\"og:url\" content=\"https:\/\/laatrevida.com\/en\/product\/cojin-zodiaco\/\" \/>\n<meta property=\"og:site_name\" content=\"La Atrevida Eventos\" \/>\n<meta property=\"article:modified_time\" content=\"2024-02-01T15:38:52+00:00\" \/>\n<meta property=\"og:image\" content=\"https:\/\/laatrevida.com\/wp-content\/uploads\/2024\/02\/Art.Deco_.3.jpeg\" \/>\n\t<meta property=\"og:image:width\" content=\"1600\" \/>\n\t<meta property=\"og:image:height\" content=\"1600\" \/>\n\t<meta property=\"og:image:type\" content=\"image\/jpeg\" \/>\n<meta name=\"twitter:card\" content=\"summary_large_image\" \/>\n<script type=\"application\/ld+json\" class=\"yoast-schema-graph\">{\"@context\":\"https:\/\/schema.org\",\"@graph\":[{\"@type\":\"WebPage\",\"@id\":\"https:\/\/laatrevida.com\/producto\/cojin-zodiaco\/\",\"url\":\"https:\/\/laatrevida.com\/producto\/cojin-zodiaco\/\",\"name\":\"Coj\u00edn Zod\u00edaco - La Atrevida Eventos\",\"isPartOf\":{\"@id\":\"https:\/\/laatrevida.com\/#website\"},\"datePublished\":\"2024-02-01T15:38:51+00:00\",\"dateModified\":\"2024-02-01T15:38:52+00:00\",\"breadcrumb\":{\"@id\":\"https:\/\/laatrevida.com\/producto\/cojin-zodiaco\/#breadcrumb\"},\"inLanguage\":\"en-GB\",\"potentialAction\":[{\"@type\":\"ReadAction\",\"target\":[\"https:\/\/laatrevida.com\/producto\/cojin-zodiaco\/\"]}]},{\"@type\":\"BreadcrumbList\",\"@id\":\"https:\/\/laatrevida.com\/producto\/cojin-zodiaco\/#breadcrumb\",\"itemListElement\":[{\"@type\":\"ListItem\",\"position\":1,\"name\":\"Portada\",\"item\":\"https:\/\/laatrevida.com\/\"},{\"@type\":\"ListItem\",\"position\":2,\"name\":\"Tienda\",\"item\":\"https:\/\/laatrevida.com\/tienda\/\"},{\"@type\":\"ListItem\",\"position\":3,\"name\":\"Coj\u00edn Zod\u00edaco\"}]},{\"@type\":\"WebSite\",\"@id\":\"https:\/\/laatrevida.com\/#website\",\"url\":\"https:\/\/laatrevida.com\/\",\"name\":\"La Atrevida Eventos\",\"description\":\"Wedding Planner y Eventos\",\"potentialAction\":[{\"@type\":\"SearchAction\",\"target\":{\"@type\":\"EntryPoint\",\"urlTemplate\":\"https:\/\/laatrevida.com\/?s={search_term_string}\"},\"query-input\":\"required name=search_term_string\"}],\"inLanguage\":\"en-GB\"}]}<\/script>\n<!-- \/ Yoast SEO plugin. -->","yoast_head_json":{"title":"Coj\u00edn Zod\u00edaco - La Atrevida Eventos","robots":{"index":"index","follow":"follow","max-snippet":"max-snippet:-1","max-image-preview":"max-image-preview:large","max-video-preview":"max-video-preview:-1"},"canonical":"https:\/\/laatrevida.com\/en\/product\/cojin-zodiaco\/","og_locale":"en_GB","og_type":"article","og_title":"Coj\u00edn Zod\u00edaco - La Atrevida Eventos","og_description":"Coj\u00edn Zodiaco que brilla en la oscuridad","og_url":"https:\/\/laatrevida.com\/en\/product\/cojin-zodiaco\/","og_site_name":"La Atrevida Eventos","article_modified_time":"2024-02-01T15:38:52+00:00","og_image":[{"width":1600,"height":1600,"url":"https:\/\/laatrevida.com\/wp-content\/uploads\/2024\/02\/Art.Deco_.3.jpeg","type":"image\/jpeg"}],"twitter_card":"summary_large_image","schema":{"@context":"https:\/\/schema.org","@graph":[{"@type":"WebPage","@id":"https:\/\/laatrevida.com\/producto\/cojin-zodiaco\/","url":"https:\/\/laatrevida.com\/producto\/cojin-zodiaco\/","name":"Coj\u00edn Zod\u00edaco - La Atrevida Eventos","isPartOf":{"@id":"https:\/\/laatrevida.com\/#website"},"datePublished":"2024-02-01T15:38:51+00:00","dateModified":"2024-02-01T15:38:52+00:00","breadcrumb":{"@id":"https:\/\/laatrevida.com\/producto\/cojin-zodiaco\/#breadcrumb"},"inLanguage":"en-GB","potentialAction":[{"@type":"ReadAction","target":["https:\/\/laatrevida.com\/producto\/cojin-zodiaco\/"]}]},{"@type":"BreadcrumbList","@id":"https:\/\/laatrevida.com\/producto\/cojin-zodiaco\/#breadcrumb","itemListElement":[{"@type":"ListItem","position":1,"name":"Portada","item":"https:\/\/laatrevida.com\/"},{"@type":"ListItem","position":2,"name":"Tienda","item":"https:\/\/laatrevida.com\/tienda\/"},{"@type":"ListItem","position":3,"name":"Coj\u00edn Zod\u00edaco"}]},{"@type":"WebSite","@id":"https:\/\/laatrevida.com\/#website","url":"https:\/\/laatrevida.com\/","name":"La Atrevida Eventos","description":"Wedding Planner y Eventos","potentialAction":[{"@type":"SearchAction","target":{"@type":"EntryPoint","urlTemplate":"https:\/\/laatrevida.com\/?s={search_term_string}"},"query-input":"required name=search_term_string"}],"inLanguage":"en-GB"}]}},"_links":{"self":[{"href":"https:\/\/laatrevida.com\/en\/wp-json\/wp\/v2\/product\/705"}],"collection":[{"href":"https:\/\/laatrevida.com\/en\/wp-json\/wp\/v2\/product"}],"about":[{"href":"https:\/\/laatrevida.com\/en\/wp-json\/wp\/v2\/types\/product"}],"replies":[{"embeddable":true,"href":"https:\/\/laatrevida.com\/en\/wp-json\/wp\/v2\/comments?post=705"}],"wp:featuredmedia":[{"embeddable":true,"href":"https:\/\/laatrevida.com\/en\/wp-json\/wp\/v2\/media\/706"}],"wp:attachment":[{"href":"https:\/\/laatrevida.com\/en\/wp-json\/wp\/v2\/media?parent=705"}],"wp:term":[{"taxonomy":"product_cat","embeddable":true,"href":"https:\/\/laatrevida.com\/en\/wp-json\/wp\/v2\/product_cat?post=705"},{"taxonomy":"product_tag","embeddable":true,"href":"https:\/\/laatrevida.com\/en\/wp-json\/wp\/v2\/product_tag?post=705"}],"curies":[{"name":"wp","href":"https:\/\/api.w.org\/{rel}","templated":true}]}}