{"id":1267,"date":"2024-02-21T11:36:13","date_gmt":"2024-02-21T10:36:13","guid":{"rendered":"https:\/\/laatrevida.com\/?post_type=product&#038;p=1267"},"modified":"2024-02-21T11:36:13","modified_gmt":"2024-02-21T10:36:13","slug":"set-dental-eco-con-cepillo-de-bambu-y-pasta","status":"publish","type":"product","link":"https:\/\/laatrevida.com\/en\/product\/set-dental-eco-con-cepillo-de-bambu-y-pasta\/","title":{"rendered":"Set dental eco con cepillo de bamb\u00fa y pasta"},"content":{"rendered":"<p>Set de viaje presentado en caja de cart\u00f3n Kraft. Incluye un cepillo de dientes de bamb\u00fa con pasta de 3g.<\/p>\n<p>Medidas cepillo: 18,1 x 1cm.<\/p>\n<p>Medidas caja: 19,30 x 3,1 cm<\/p>","protected":false},"excerpt":{"rendered":"<p>Set dental eco con cepillo de bamb\u00fa y pasta<\/p>","protected":false},"featured_media":1268,"comment_status":"open","ping_status":"closed","template":"","meta":[],"product_cat":[27],"product_tag":[],"yoast_head":"<!-- This site is optimized with the Yoast SEO plugin v21.9.1 - https:\/\/yoast.com\/wordpress\/plugins\/seo\/ -->\n<title>Set dental eco con cepillo de bamb\u00fa y pasta - La Atrevida Eventos<\/title>\n<meta name=\"robots\" content=\"index, follow, max-snippet:-1, max-image-preview:large, max-video-preview:-1\" \/>\n<link rel=\"canonical\" href=\"https:\/\/laatrevida.com\/en\/product\/set-dental-eco-con-cepillo-de-bambu-y-pasta\/\" \/>\n<meta property=\"og:locale\" content=\"en_GB\" \/>\n<meta property=\"og:type\" content=\"article\" \/>\n<meta property=\"og:title\" content=\"Set dental eco con cepillo de bamb\u00fa y pasta - La Atrevida Eventos\" \/>\n<meta property=\"og:description\" content=\"Set dental eco con cepillo de bamb\u00fa y pasta\" \/>\n<meta property=\"og:url\" content=\"https:\/\/laatrevida.com\/en\/product\/set-dental-eco-con-cepillo-de-bambu-y-pasta\/\" \/>\n<meta property=\"og:site_name\" content=\"La Atrevida Eventos\" \/>\n<meta property=\"og:image\" content=\"https:\/\/laatrevida.com\/wp-content\/uploads\/2024\/02\/92A.jpg\" \/>\n\t<meta property=\"og:image:width\" content=\"800\" \/>\n\t<meta property=\"og:image:height\" content=\"800\" \/>\n\t<meta property=\"og:image:type\" content=\"image\/jpeg\" \/>\n<meta name=\"twitter:card\" content=\"summary_large_image\" \/>\n<meta name=\"twitter:label1\" content=\"Estimated reading time\" \/>\n\t<meta name=\"twitter:data1\" content=\"1 minute\" \/>\n<script type=\"application\/ld+json\" class=\"yoast-schema-graph\">{\"@context\":\"https:\/\/schema.org\",\"@graph\":[{\"@type\":\"WebPage\",\"@id\":\"https:\/\/laatrevida.com\/producto\/set-dental-eco-con-cepillo-de-bambu-y-pasta\/\",\"url\":\"https:\/\/laatrevida.com\/producto\/set-dental-eco-con-cepillo-de-bambu-y-pasta\/\",\"name\":\"Set dental eco con cepillo de bamb\u00fa y pasta - La Atrevida Eventos\",\"isPartOf\":{\"@id\":\"https:\/\/laatrevida.com\/#website\"},\"datePublished\":\"2024-02-21T10:36:13+00:00\",\"dateModified\":\"2024-02-21T10:36:13+00:00\",\"breadcrumb\":{\"@id\":\"https:\/\/laatrevida.com\/producto\/set-dental-eco-con-cepillo-de-bambu-y-pasta\/#breadcrumb\"},\"inLanguage\":\"en-GB\",\"potentialAction\":[{\"@type\":\"ReadAction\",\"target\":[\"https:\/\/laatrevida.com\/producto\/set-dental-eco-con-cepillo-de-bambu-y-pasta\/\"]}]},{\"@type\":\"BreadcrumbList\",\"@id\":\"https:\/\/laatrevida.com\/producto\/set-dental-eco-con-cepillo-de-bambu-y-pasta\/#breadcrumb\",\"itemListElement\":[{\"@type\":\"ListItem\",\"position\":1,\"name\":\"Portada\",\"item\":\"https:\/\/laatrevida.com\/\"},{\"@type\":\"ListItem\",\"position\":2,\"name\":\"Tienda\",\"item\":\"https:\/\/laatrevida.com\/tienda\/\"},{\"@type\":\"ListItem\",\"position\":3,\"name\":\"Set dental eco con cepillo de bamb\u00fa y pasta\"}]},{\"@type\":\"WebSite\",\"@id\":\"https:\/\/laatrevida.com\/#website\",\"url\":\"https:\/\/laatrevida.com\/\",\"name\":\"La Atrevida Eventos\",\"description\":\"Wedding Planner y Eventos\",\"potentialAction\":[{\"@type\":\"SearchAction\",\"target\":{\"@type\":\"EntryPoint\",\"urlTemplate\":\"https:\/\/laatrevida.com\/?s={search_term_string}\"},\"query-input\":\"required name=search_term_string\"}],\"inLanguage\":\"en-GB\"}]}<\/script>\n<!-- \/ Yoast SEO plugin. -->","yoast_head_json":{"title":"Set dental eco con cepillo de bamb\u00fa y pasta - La Atrevida Eventos","robots":{"index":"index","follow":"follow","max-snippet":"max-snippet:-1","max-image-preview":"max-image-preview:large","max-video-preview":"max-video-preview:-1"},"canonical":"https:\/\/laatrevida.com\/en\/product\/set-dental-eco-con-cepillo-de-bambu-y-pasta\/","og_locale":"en_GB","og_type":"article","og_title":"Set dental eco con cepillo de bamb\u00fa y pasta - La Atrevida Eventos","og_description":"Set dental eco con cepillo de bamb\u00fa y pasta","og_url":"https:\/\/laatrevida.com\/en\/product\/set-dental-eco-con-cepillo-de-bambu-y-pasta\/","og_site_name":"La Atrevida Eventos","og_image":[{"width":800,"height":800,"url":"https:\/\/laatrevida.com\/wp-content\/uploads\/2024\/02\/92A.jpg","type":"image\/jpeg"}],"twitter_card":"summary_large_image","twitter_misc":{"Estimated reading time":"1 minute"},"schema":{"@context":"https:\/\/schema.org","@graph":[{"@type":"WebPage","@id":"https:\/\/laatrevida.com\/producto\/set-dental-eco-con-cepillo-de-bambu-y-pasta\/","url":"https:\/\/laatrevida.com\/producto\/set-dental-eco-con-cepillo-de-bambu-y-pasta\/","name":"Set dental eco con cepillo de bamb\u00fa y pasta - La Atrevida Eventos","isPartOf":{"@id":"https:\/\/laatrevida.com\/#website"},"datePublished":"2024-02-21T10:36:13+00:00","dateModified":"2024-02-21T10:36:13+00:00","breadcrumb":{"@id":"https:\/\/laatrevida.com\/producto\/set-dental-eco-con-cepillo-de-bambu-y-pasta\/#breadcrumb"},"inLanguage":"en-GB","potentialAction":[{"@type":"ReadAction","target":["https:\/\/laatrevida.com\/producto\/set-dental-eco-con-cepillo-de-bambu-y-pasta\/"]}]},{"@type":"BreadcrumbList","@id":"https:\/\/laatrevida.com\/producto\/set-dental-eco-con-cepillo-de-bambu-y-pasta\/#breadcrumb","itemListElement":[{"@type":"ListItem","position":1,"name":"Portada","item":"https:\/\/laatrevida.com\/"},{"@type":"ListItem","position":2,"name":"Tienda","item":"https:\/\/laatrevida.com\/tienda\/"},{"@type":"ListItem","position":3,"name":"Set dental eco con cepillo de bamb\u00fa y pasta"}]},{"@type":"WebSite","@id":"https:\/\/laatrevida.com\/#website","url":"https:\/\/laatrevida.com\/","name":"La Atrevida Eventos","description":"Wedding Planner y Eventos","potentialAction":[{"@type":"SearchAction","target":{"@type":"EntryPoint","urlTemplate":"https:\/\/laatrevida.com\/?s={search_term_string}"},"query-input":"required name=search_term_string"}],"inLanguage":"en-GB"}]}},"_links":{"self":[{"href":"https:\/\/laatrevida.com\/en\/wp-json\/wp\/v2\/product\/1267"}],"collection":[{"href":"https:\/\/laatrevida.com\/en\/wp-json\/wp\/v2\/product"}],"about":[{"href":"https:\/\/laatrevida.com\/en\/wp-json\/wp\/v2\/types\/product"}],"replies":[{"embeddable":true,"href":"https:\/\/laatrevida.com\/en\/wp-json\/wp\/v2\/comments?post=1267"}],"wp:featuredmedia":[{"embeddable":true,"href":"https:\/\/laatrevida.com\/en\/wp-json\/wp\/v2\/media\/1268"}],"wp:attachment":[{"href":"https:\/\/laatrevida.com\/en\/wp-json\/wp\/v2\/media?parent=1267"}],"wp:term":[{"taxonomy":"product_cat","embeddable":true,"href":"https:\/\/laatrevida.com\/en\/wp-json\/wp\/v2\/product_cat?post=1267"},{"taxonomy":"product_tag","embeddable":true,"href":"https:\/\/laatrevida.com\/en\/wp-json\/wp\/v2\/product_tag?post=1267"}],"curies":[{"name":"wp","href":"https:\/\/api.w.org\/{rel}","templated":true}]}}