{"id":1224,"date":"2024-02-20T17:02:36","date_gmt":"2024-02-20T16:02:36","guid":{"rendered":"https:\/\/laatrevida.com\/?post_type=product&#038;p=1224"},"modified":"2024-02-20T17:02:36","modified_gmt":"2024-02-20T16:02:36","slug":"set-dos-copas-de-cristal-para-boda","status":"publish","type":"product","link":"https:\/\/laatrevida.com\/en\/product\/set-dos-copas-de-cristal-para-boda\/","title":{"rendered":"Set dos copas de cristal para boda"},"content":{"rendered":"<p>Conjunto de copas de cristal con un bonito dise\u00f1o en yute con una delicada puntilla en color marfil. Decorado con dos corazones de madera s\u00edmbolo de la pareja sobre el que aparece grabado la palabra LOVE junto con un coraz\u00f3n. Medidas: 22,5 cm altura x 6,5 cm base x 5 cm di\u00e1metro. Presentado en caja de cart\u00f3n con tapa transparente: 28 x 18,5 x 7 cm<\/p>","protected":false},"excerpt":{"rendered":"<p>Set dos copas de cristal para boda<\/p>","protected":false},"featured_media":1225,"comment_status":"open","ping_status":"closed","template":"","meta":[],"product_cat":[26],"product_tag":[],"yoast_head":"<!-- This site is optimized with the Yoast SEO plugin v21.9.1 - https:\/\/yoast.com\/wordpress\/plugins\/seo\/ -->\n<title>Set dos copas de cristal para boda - La Atrevida Eventos<\/title>\n<meta name=\"robots\" content=\"index, follow, max-snippet:-1, max-image-preview:large, max-video-preview:-1\" \/>\n<link rel=\"canonical\" href=\"https:\/\/laatrevida.com\/en\/product\/set-dos-copas-de-cristal-para-boda\/\" \/>\n<meta property=\"og:locale\" content=\"en_GB\" \/>\n<meta property=\"og:type\" content=\"article\" \/>\n<meta property=\"og:title\" content=\"Set dos copas de cristal para boda - La Atrevida Eventos\" \/>\n<meta property=\"og:description\" content=\"Set dos copas de cristal para boda\" \/>\n<meta property=\"og:url\" content=\"https:\/\/laatrevida.com\/en\/product\/set-dos-copas-de-cristal-para-boda\/\" \/>\n<meta property=\"og:site_name\" content=\"La Atrevida Eventos\" \/>\n<meta property=\"og:image\" content=\"https:\/\/laatrevida.com\/wp-content\/uploads\/2024\/02\/76A.jpg\" \/>\n\t<meta property=\"og:image:width\" content=\"800\" \/>\n\t<meta property=\"og:image:height\" content=\"800\" \/>\n\t<meta property=\"og:image:type\" content=\"image\/jpeg\" \/>\n<meta name=\"twitter:card\" content=\"summary_large_image\" \/>\n<meta name=\"twitter:label1\" content=\"Estimated reading time\" \/>\n\t<meta name=\"twitter:data1\" content=\"1 minute\" \/>\n<script type=\"application\/ld+json\" class=\"yoast-schema-graph\">{\"@context\":\"https:\/\/schema.org\",\"@graph\":[{\"@type\":\"WebPage\",\"@id\":\"https:\/\/laatrevida.com\/producto\/set-dos-copas-de-cristal-para-boda\/\",\"url\":\"https:\/\/laatrevida.com\/producto\/set-dos-copas-de-cristal-para-boda\/\",\"name\":\"Set dos copas de cristal para boda - La Atrevida Eventos\",\"isPartOf\":{\"@id\":\"https:\/\/laatrevida.com\/#website\"},\"datePublished\":\"2024-02-20T16:02:36+00:00\",\"dateModified\":\"2024-02-20T16:02:36+00:00\",\"breadcrumb\":{\"@id\":\"https:\/\/laatrevida.com\/producto\/set-dos-copas-de-cristal-para-boda\/#breadcrumb\"},\"inLanguage\":\"en-GB\",\"potentialAction\":[{\"@type\":\"ReadAction\",\"target\":[\"https:\/\/laatrevida.com\/producto\/set-dos-copas-de-cristal-para-boda\/\"]}]},{\"@type\":\"BreadcrumbList\",\"@id\":\"https:\/\/laatrevida.com\/producto\/set-dos-copas-de-cristal-para-boda\/#breadcrumb\",\"itemListElement\":[{\"@type\":\"ListItem\",\"position\":1,\"name\":\"Portada\",\"item\":\"https:\/\/laatrevida.com\/\"},{\"@type\":\"ListItem\",\"position\":2,\"name\":\"Tienda\",\"item\":\"https:\/\/laatrevida.com\/tienda\/\"},{\"@type\":\"ListItem\",\"position\":3,\"name\":\"Set dos copas de cristal para boda\"}]},{\"@type\":\"WebSite\",\"@id\":\"https:\/\/laatrevida.com\/#website\",\"url\":\"https:\/\/laatrevida.com\/\",\"name\":\"La Atrevida Eventos\",\"description\":\"Wedding Planner y Eventos\",\"potentialAction\":[{\"@type\":\"SearchAction\",\"target\":{\"@type\":\"EntryPoint\",\"urlTemplate\":\"https:\/\/laatrevida.com\/?s={search_term_string}\"},\"query-input\":\"required name=search_term_string\"}],\"inLanguage\":\"en-GB\"}]}<\/script>\n<!-- \/ Yoast SEO plugin. -->","yoast_head_json":{"title":"Set dos copas de cristal para boda - La Atrevida Eventos","robots":{"index":"index","follow":"follow","max-snippet":"max-snippet:-1","max-image-preview":"max-image-preview:large","max-video-preview":"max-video-preview:-1"},"canonical":"https:\/\/laatrevida.com\/en\/product\/set-dos-copas-de-cristal-para-boda\/","og_locale":"en_GB","og_type":"article","og_title":"Set dos copas de cristal para boda - La Atrevida Eventos","og_description":"Set dos copas de cristal para boda","og_url":"https:\/\/laatrevida.com\/en\/product\/set-dos-copas-de-cristal-para-boda\/","og_site_name":"La Atrevida Eventos","og_image":[{"width":800,"height":800,"url":"https:\/\/laatrevida.com\/wp-content\/uploads\/2024\/02\/76A.jpg","type":"image\/jpeg"}],"twitter_card":"summary_large_image","twitter_misc":{"Estimated reading time":"1 minute"},"schema":{"@context":"https:\/\/schema.org","@graph":[{"@type":"WebPage","@id":"https:\/\/laatrevida.com\/producto\/set-dos-copas-de-cristal-para-boda\/","url":"https:\/\/laatrevida.com\/producto\/set-dos-copas-de-cristal-para-boda\/","name":"Set dos copas de cristal para boda - La Atrevida Eventos","isPartOf":{"@id":"https:\/\/laatrevida.com\/#website"},"datePublished":"2024-02-20T16:02:36+00:00","dateModified":"2024-02-20T16:02:36+00:00","breadcrumb":{"@id":"https:\/\/laatrevida.com\/producto\/set-dos-copas-de-cristal-para-boda\/#breadcrumb"},"inLanguage":"en-GB","potentialAction":[{"@type":"ReadAction","target":["https:\/\/laatrevida.com\/producto\/set-dos-copas-de-cristal-para-boda\/"]}]},{"@type":"BreadcrumbList","@id":"https:\/\/laatrevida.com\/producto\/set-dos-copas-de-cristal-para-boda\/#breadcrumb","itemListElement":[{"@type":"ListItem","position":1,"name":"Portada","item":"https:\/\/laatrevida.com\/"},{"@type":"ListItem","position":2,"name":"Tienda","item":"https:\/\/laatrevida.com\/tienda\/"},{"@type":"ListItem","position":3,"name":"Set dos copas de cristal para boda"}]},{"@type":"WebSite","@id":"https:\/\/laatrevida.com\/#website","url":"https:\/\/laatrevida.com\/","name":"La Atrevida Eventos","description":"Wedding Planner y Eventos","potentialAction":[{"@type":"SearchAction","target":{"@type":"EntryPoint","urlTemplate":"https:\/\/laatrevida.com\/?s={search_term_string}"},"query-input":"required name=search_term_string"}],"inLanguage":"en-GB"}]}},"_links":{"self":[{"href":"https:\/\/laatrevida.com\/en\/wp-json\/wp\/v2\/product\/1224"}],"collection":[{"href":"https:\/\/laatrevida.com\/en\/wp-json\/wp\/v2\/product"}],"about":[{"href":"https:\/\/laatrevida.com\/en\/wp-json\/wp\/v2\/types\/product"}],"replies":[{"embeddable":true,"href":"https:\/\/laatrevida.com\/en\/wp-json\/wp\/v2\/comments?post=1224"}],"wp:featuredmedia":[{"embeddable":true,"href":"https:\/\/laatrevida.com\/en\/wp-json\/wp\/v2\/media\/1225"}],"wp:attachment":[{"href":"https:\/\/laatrevida.com\/en\/wp-json\/wp\/v2\/media?parent=1224"}],"wp:term":[{"taxonomy":"product_cat","embeddable":true,"href":"https:\/\/laatrevida.com\/en\/wp-json\/wp\/v2\/product_cat?post=1224"},{"taxonomy":"product_tag","embeddable":true,"href":"https:\/\/laatrevida.com\/en\/wp-json\/wp\/v2\/product_tag?post=1224"}],"curies":[{"name":"wp","href":"https:\/\/api.w.org\/{rel}","templated":true}]}}