{"id":1110,"date":"2024-02-01T21:23:20","date_gmt":"2024-02-01T20:23:20","guid":{"rendered":"https:\/\/laatrevida.com\/?post_type=product&#038;p=1110"},"modified":"2024-02-01T21:27:17","modified_gmt":"2024-02-01T20:27:17","slug":"salero-y-pimentero-gato-de-la-suerte-2","status":"publish","type":"product","link":"https:\/\/laatrevida.com\/en\/product\/salero-y-pimentero-gato-de-la-suerte-2\/","title":{"rendered":"Salero y  pimentero Gato de la Suerte"},"content":{"rendered":"<p>El salero y el pimentero Gato de la Suerte son dispensadores adorables que atraen la buena fortuna, ya que est\u00e1n inspirados en el ic\u00f3nico gato de la suerte. No solo condimentar\u00e1n tus comidas, sino que tambi\u00e9n a\u00f1adir\u00e1n un toque de tradici\u00f3n y alegr\u00eda a tu mesa. Con su dise\u00f1o \u00fanico y alegre, estos gatitos ser\u00e1n el centro de atenci\u00f3n en cualquier comida. Material Cer\u00e1mica, Medidas (cm) 9,2&#215;6,8&#215;3,7<\/p>","protected":false},"excerpt":{"rendered":"<p>Salero y  pimentero Gato de la Suerte<\/p>","protected":false},"featured_media":1112,"comment_status":"open","ping_status":"closed","template":"","meta":[],"product_cat":[20],"product_tag":[],"yoast_head":"<!-- This site is optimized with the Yoast SEO plugin v21.9.1 - https:\/\/yoast.com\/wordpress\/plugins\/seo\/ -->\n<title>Salero y pimentero Gato de la Suerte - La Atrevida Eventos<\/title>\n<meta name=\"robots\" content=\"index, follow, max-snippet:-1, max-image-preview:large, max-video-preview:-1\" \/>\n<link rel=\"canonical\" href=\"https:\/\/laatrevida.com\/en\/product\/salero-y-pimentero-gato-de-la-suerte-2\/\" \/>\n<meta property=\"og:locale\" content=\"en_GB\" \/>\n<meta property=\"og:type\" content=\"article\" \/>\n<meta property=\"og:title\" content=\"Salero y pimentero Gato de la Suerte - La Atrevida Eventos\" \/>\n<meta property=\"og:description\" content=\"Salero y pimentero Gato de la Suerte\" \/>\n<meta property=\"og:url\" content=\"https:\/\/laatrevida.com\/en\/product\/salero-y-pimentero-gato-de-la-suerte-2\/\" \/>\n<meta property=\"og:site_name\" content=\"La Atrevida Eventos\" \/>\n<meta property=\"article:modified_time\" content=\"2024-02-01T20:27:17+00:00\" \/>\n<meta property=\"og:image\" content=\"https:\/\/laatrevida.com\/wp-content\/uploads\/2024\/02\/Art.-Deco-12-1.jpg\" \/>\n\t<meta property=\"og:image:width\" content=\"2000\" \/>\n\t<meta property=\"og:image:height\" content=\"2000\" \/>\n\t<meta property=\"og:image:type\" content=\"image\/jpeg\" \/>\n<meta name=\"twitter:card\" content=\"summary_large_image\" \/>\n<script type=\"application\/ld+json\" class=\"yoast-schema-graph\">{\"@context\":\"https:\/\/schema.org\",\"@graph\":[{\"@type\":\"WebPage\",\"@id\":\"https:\/\/laatrevida.com\/producto\/salero-y-pimentero-gato-de-la-suerte-2\/\",\"url\":\"https:\/\/laatrevida.com\/producto\/salero-y-pimentero-gato-de-la-suerte-2\/\",\"name\":\"Salero y pimentero Gato de la Suerte - La Atrevida Eventos\",\"isPartOf\":{\"@id\":\"https:\/\/laatrevida.com\/#website\"},\"datePublished\":\"2024-02-01T20:23:20+00:00\",\"dateModified\":\"2024-02-01T20:27:17+00:00\",\"breadcrumb\":{\"@id\":\"https:\/\/laatrevida.com\/producto\/salero-y-pimentero-gato-de-la-suerte-2\/#breadcrumb\"},\"inLanguage\":\"en-GB\",\"potentialAction\":[{\"@type\":\"ReadAction\",\"target\":[\"https:\/\/laatrevida.com\/producto\/salero-y-pimentero-gato-de-la-suerte-2\/\"]}]},{\"@type\":\"BreadcrumbList\",\"@id\":\"https:\/\/laatrevida.com\/producto\/salero-y-pimentero-gato-de-la-suerte-2\/#breadcrumb\",\"itemListElement\":[{\"@type\":\"ListItem\",\"position\":1,\"name\":\"Portada\",\"item\":\"https:\/\/laatrevida.com\/\"},{\"@type\":\"ListItem\",\"position\":2,\"name\":\"Tienda\",\"item\":\"https:\/\/laatrevida.com\/tienda\/\"},{\"@type\":\"ListItem\",\"position\":3,\"name\":\"Salero y pimentero Gato de la Suerte\"}]},{\"@type\":\"WebSite\",\"@id\":\"https:\/\/laatrevida.com\/#website\",\"url\":\"https:\/\/laatrevida.com\/\",\"name\":\"La Atrevida Eventos\",\"description\":\"Wedding Planner y Eventos\",\"potentialAction\":[{\"@type\":\"SearchAction\",\"target\":{\"@type\":\"EntryPoint\",\"urlTemplate\":\"https:\/\/laatrevida.com\/?s={search_term_string}\"},\"query-input\":\"required name=search_term_string\"}],\"inLanguage\":\"en-GB\"}]}<\/script>\n<!-- \/ Yoast SEO plugin. -->","yoast_head_json":{"title":"Salero y pimentero Gato de la Suerte - La Atrevida Eventos","robots":{"index":"index","follow":"follow","max-snippet":"max-snippet:-1","max-image-preview":"max-image-preview:large","max-video-preview":"max-video-preview:-1"},"canonical":"https:\/\/laatrevida.com\/en\/product\/salero-y-pimentero-gato-de-la-suerte-2\/","og_locale":"en_GB","og_type":"article","og_title":"Salero y pimentero Gato de la Suerte - La Atrevida Eventos","og_description":"Salero y pimentero Gato de la Suerte","og_url":"https:\/\/laatrevida.com\/en\/product\/salero-y-pimentero-gato-de-la-suerte-2\/","og_site_name":"La Atrevida Eventos","article_modified_time":"2024-02-01T20:27:17+00:00","og_image":[{"width":2000,"height":2000,"url":"https:\/\/laatrevida.com\/wp-content\/uploads\/2024\/02\/Art.-Deco-12-1.jpg","type":"image\/jpeg"}],"twitter_card":"summary_large_image","schema":{"@context":"https:\/\/schema.org","@graph":[{"@type":"WebPage","@id":"https:\/\/laatrevida.com\/producto\/salero-y-pimentero-gato-de-la-suerte-2\/","url":"https:\/\/laatrevida.com\/producto\/salero-y-pimentero-gato-de-la-suerte-2\/","name":"Salero y pimentero Gato de la Suerte - La Atrevida Eventos","isPartOf":{"@id":"https:\/\/laatrevida.com\/#website"},"datePublished":"2024-02-01T20:23:20+00:00","dateModified":"2024-02-01T20:27:17+00:00","breadcrumb":{"@id":"https:\/\/laatrevida.com\/producto\/salero-y-pimentero-gato-de-la-suerte-2\/#breadcrumb"},"inLanguage":"en-GB","potentialAction":[{"@type":"ReadAction","target":["https:\/\/laatrevida.com\/producto\/salero-y-pimentero-gato-de-la-suerte-2\/"]}]},{"@type":"BreadcrumbList","@id":"https:\/\/laatrevida.com\/producto\/salero-y-pimentero-gato-de-la-suerte-2\/#breadcrumb","itemListElement":[{"@type":"ListItem","position":1,"name":"Portada","item":"https:\/\/laatrevida.com\/"},{"@type":"ListItem","position":2,"name":"Tienda","item":"https:\/\/laatrevida.com\/tienda\/"},{"@type":"ListItem","position":3,"name":"Salero y pimentero Gato de la Suerte"}]},{"@type":"WebSite","@id":"https:\/\/laatrevida.com\/#website","url":"https:\/\/laatrevida.com\/","name":"La Atrevida Eventos","description":"Wedding Planner y Eventos","potentialAction":[{"@type":"SearchAction","target":{"@type":"EntryPoint","urlTemplate":"https:\/\/laatrevida.com\/?s={search_term_string}"},"query-input":"required name=search_term_string"}],"inLanguage":"en-GB"}]}},"_links":{"self":[{"href":"https:\/\/laatrevida.com\/en\/wp-json\/wp\/v2\/product\/1110"}],"collection":[{"href":"https:\/\/laatrevida.com\/en\/wp-json\/wp\/v2\/product"}],"about":[{"href":"https:\/\/laatrevida.com\/en\/wp-json\/wp\/v2\/types\/product"}],"replies":[{"embeddable":true,"href":"https:\/\/laatrevida.com\/en\/wp-json\/wp\/v2\/comments?post=1110"}],"wp:featuredmedia":[{"embeddable":true,"href":"https:\/\/laatrevida.com\/en\/wp-json\/wp\/v2\/media\/1112"}],"wp:attachment":[{"href":"https:\/\/laatrevida.com\/en\/wp-json\/wp\/v2\/media?parent=1110"}],"wp:term":[{"taxonomy":"product_cat","embeddable":true,"href":"https:\/\/laatrevida.com\/en\/wp-json\/wp\/v2\/product_cat?post=1110"},{"taxonomy":"product_tag","embeddable":true,"href":"https:\/\/laatrevida.com\/en\/wp-json\/wp\/v2\/product_tag?post=1110"}],"curies":[{"name":"wp","href":"https:\/\/api.w.org\/{rel}","templated":true}]}}