{"id":1077,"date":"2024-02-01T21:14:36","date_gmt":"2024-02-01T20:14:36","guid":{"rendered":"https:\/\/laatrevida.com\/?post_type=product&#038;p=1077"},"modified":"2024-02-01T21:14:36","modified_gmt":"2024-02-01T20:14:36","slug":"alfombra-piel-vaca-sintetica","status":"publish","type":"product","link":"https:\/\/laatrevida.com\/en\/product\/alfombra-piel-vaca-sintetica\/","title":{"rendered":"Alfombra piel vaca sint\u00e9tica"},"content":{"rendered":"<p>La alfombra cl\u00e1sica es de piel sint\u00e9tica con un dise\u00f1o vintage, sus medidas son 130&#215;180 cm. Esta alfombra agrega un toque de lujo y personalidad a cualquier habitaci\u00f3n. Su dise\u00f1o de piel sint\u00e9tica no solo es elegante, sino tambi\u00e9n \u00e9tico y f\u00e1cil de mantener. Ya sea en una sala de estar, oficina o espacio comercial, esta alfombra ser\u00e1 el centro de atenci\u00f3n.Material Acr\u00edlico, poli\u00e9ster, Medidas (cm) 130x180x13<\/p>","protected":false},"excerpt":{"rendered":"<p>Alfombra piel vaca sint\u00e9tica<\/p>","protected":false},"featured_media":1086,"comment_status":"open","ping_status":"closed","template":"","meta":[],"product_cat":[20],"product_tag":[],"yoast_head":"<!-- This site is optimized with the Yoast SEO plugin v21.9.1 - https:\/\/yoast.com\/wordpress\/plugins\/seo\/ -->\n<title>Alfombra piel vaca sint\u00e9tica - La Atrevida Eventos<\/title>\n<meta name=\"robots\" content=\"index, follow, max-snippet:-1, max-image-preview:large, max-video-preview:-1\" \/>\n<link rel=\"canonical\" href=\"https:\/\/laatrevida.com\/en\/product\/alfombra-piel-vaca-sintetica\/\" \/>\n<meta property=\"og:locale\" content=\"en_GB\" \/>\n<meta property=\"og:type\" content=\"article\" \/>\n<meta property=\"og:title\" content=\"Alfombra piel vaca sint\u00e9tica - La Atrevida Eventos\" \/>\n<meta property=\"og:description\" content=\"Alfombra piel vaca sint\u00e9tica\" \/>\n<meta property=\"og:url\" content=\"https:\/\/laatrevida.com\/en\/product\/alfombra-piel-vaca-sintetica\/\" \/>\n<meta property=\"og:site_name\" content=\"La Atrevida Eventos\" \/>\n<meta property=\"og:image\" content=\"https:\/\/laatrevida.com\/wp-content\/uploads\/2024\/02\/Art.-Deco-39-1024x1024.png\" \/>\n\t<meta property=\"og:image:width\" content=\"1024\" \/>\n\t<meta property=\"og:image:height\" content=\"1024\" \/>\n\t<meta property=\"og:image:type\" content=\"image\/png\" \/>\n<meta name=\"twitter:card\" content=\"summary_large_image\" \/>\n<script type=\"application\/ld+json\" class=\"yoast-schema-graph\">{\"@context\":\"https:\/\/schema.org\",\"@graph\":[{\"@type\":\"WebPage\",\"@id\":\"https:\/\/laatrevida.com\/producto\/alfombra-piel-vaca-sintetica\/\",\"url\":\"https:\/\/laatrevida.com\/producto\/alfombra-piel-vaca-sintetica\/\",\"name\":\"Alfombra piel vaca sint\u00e9tica - La Atrevida Eventos\",\"isPartOf\":{\"@id\":\"https:\/\/laatrevida.com\/#website\"},\"datePublished\":\"2024-02-01T20:14:36+00:00\",\"dateModified\":\"2024-02-01T20:14:36+00:00\",\"breadcrumb\":{\"@id\":\"https:\/\/laatrevida.com\/producto\/alfombra-piel-vaca-sintetica\/#breadcrumb\"},\"inLanguage\":\"en-GB\",\"potentialAction\":[{\"@type\":\"ReadAction\",\"target\":[\"https:\/\/laatrevida.com\/producto\/alfombra-piel-vaca-sintetica\/\"]}]},{\"@type\":\"BreadcrumbList\",\"@id\":\"https:\/\/laatrevida.com\/producto\/alfombra-piel-vaca-sintetica\/#breadcrumb\",\"itemListElement\":[{\"@type\":\"ListItem\",\"position\":1,\"name\":\"Portada\",\"item\":\"https:\/\/laatrevida.com\/\"},{\"@type\":\"ListItem\",\"position\":2,\"name\":\"Tienda\",\"item\":\"https:\/\/laatrevida.com\/tienda\/\"},{\"@type\":\"ListItem\",\"position\":3,\"name\":\"Alfombra piel vaca sint\u00e9tica\"}]},{\"@type\":\"WebSite\",\"@id\":\"https:\/\/laatrevida.com\/#website\",\"url\":\"https:\/\/laatrevida.com\/\",\"name\":\"La Atrevida Eventos\",\"description\":\"Wedding Planner y Eventos\",\"potentialAction\":[{\"@type\":\"SearchAction\",\"target\":{\"@type\":\"EntryPoint\",\"urlTemplate\":\"https:\/\/laatrevida.com\/?s={search_term_string}\"},\"query-input\":\"required name=search_term_string\"}],\"inLanguage\":\"en-GB\"}]}<\/script>\n<!-- \/ Yoast SEO plugin. -->","yoast_head_json":{"title":"Alfombra piel vaca sint\u00e9tica - La Atrevida Eventos","robots":{"index":"index","follow":"follow","max-snippet":"max-snippet:-1","max-image-preview":"max-image-preview:large","max-video-preview":"max-video-preview:-1"},"canonical":"https:\/\/laatrevida.com\/en\/product\/alfombra-piel-vaca-sintetica\/","og_locale":"en_GB","og_type":"article","og_title":"Alfombra piel vaca sint\u00e9tica - La Atrevida Eventos","og_description":"Alfombra piel vaca sint\u00e9tica","og_url":"https:\/\/laatrevida.com\/en\/product\/alfombra-piel-vaca-sintetica\/","og_site_name":"La Atrevida Eventos","og_image":[{"width":1024,"height":1024,"url":"https:\/\/laatrevida.com\/wp-content\/uploads\/2024\/02\/Art.-Deco-39-1024x1024.png","type":"image\/png"}],"twitter_card":"summary_large_image","schema":{"@context":"https:\/\/schema.org","@graph":[{"@type":"WebPage","@id":"https:\/\/laatrevida.com\/producto\/alfombra-piel-vaca-sintetica\/","url":"https:\/\/laatrevida.com\/producto\/alfombra-piel-vaca-sintetica\/","name":"Alfombra piel vaca sint\u00e9tica - La Atrevida Eventos","isPartOf":{"@id":"https:\/\/laatrevida.com\/#website"},"datePublished":"2024-02-01T20:14:36+00:00","dateModified":"2024-02-01T20:14:36+00:00","breadcrumb":{"@id":"https:\/\/laatrevida.com\/producto\/alfombra-piel-vaca-sintetica\/#breadcrumb"},"inLanguage":"en-GB","potentialAction":[{"@type":"ReadAction","target":["https:\/\/laatrevida.com\/producto\/alfombra-piel-vaca-sintetica\/"]}]},{"@type":"BreadcrumbList","@id":"https:\/\/laatrevida.com\/producto\/alfombra-piel-vaca-sintetica\/#breadcrumb","itemListElement":[{"@type":"ListItem","position":1,"name":"Portada","item":"https:\/\/laatrevida.com\/"},{"@type":"ListItem","position":2,"name":"Tienda","item":"https:\/\/laatrevida.com\/tienda\/"},{"@type":"ListItem","position":3,"name":"Alfombra piel vaca sint\u00e9tica"}]},{"@type":"WebSite","@id":"https:\/\/laatrevida.com\/#website","url":"https:\/\/laatrevida.com\/","name":"La Atrevida Eventos","description":"Wedding Planner y Eventos","potentialAction":[{"@type":"SearchAction","target":{"@type":"EntryPoint","urlTemplate":"https:\/\/laatrevida.com\/?s={search_term_string}"},"query-input":"required name=search_term_string"}],"inLanguage":"en-GB"}]}},"_links":{"self":[{"href":"https:\/\/laatrevida.com\/en\/wp-json\/wp\/v2\/product\/1077"}],"collection":[{"href":"https:\/\/laatrevida.com\/en\/wp-json\/wp\/v2\/product"}],"about":[{"href":"https:\/\/laatrevida.com\/en\/wp-json\/wp\/v2\/types\/product"}],"replies":[{"embeddable":true,"href":"https:\/\/laatrevida.com\/en\/wp-json\/wp\/v2\/comments?post=1077"}],"wp:featuredmedia":[{"embeddable":true,"href":"https:\/\/laatrevida.com\/en\/wp-json\/wp\/v2\/media\/1086"}],"wp:attachment":[{"href":"https:\/\/laatrevida.com\/en\/wp-json\/wp\/v2\/media?parent=1077"}],"wp:term":[{"taxonomy":"product_cat","embeddable":true,"href":"https:\/\/laatrevida.com\/en\/wp-json\/wp\/v2\/product_cat?post=1077"},{"taxonomy":"product_tag","embeddable":true,"href":"https:\/\/laatrevida.com\/en\/wp-json\/wp\/v2\/product_tag?post=1077"}],"curies":[{"name":"wp","href":"https:\/\/api.w.org\/{rel}","templated":true}]}}