{"id":1070,"date":"2024-02-01T21:10:35","date_gmt":"2024-02-01T20:10:35","guid":{"rendered":"https:\/\/laatrevida.com\/?post_type=product&#038;p=1070"},"modified":"2024-02-01T21:10:35","modified_gmt":"2024-02-01T20:10:35","slug":"taza-horizonte-sereno","status":"publish","type":"product","link":"https:\/\/laatrevida.com\/en\/product\/taza-horizonte-sereno\/","title":{"rendered":"Taza Horizonte Sereno"},"content":{"rendered":"<p>La taza horizonte sereno tiene un dise\u00f1o de l\u00edneas horizontales en suave combinaci\u00f3n de colores verde y celeste, a\u00f1adiendo un toque de calma y estilo inigualable a las pausas diarias. Material Cer\u00e1mica Medidas (cm) 11,3&#215;8,2&#215;9<\/p>","protected":false},"excerpt":{"rendered":"<p>Taza Horizonte Sereno<\/p>","protected":false},"featured_media":1071,"comment_status":"open","ping_status":"closed","template":"","meta":[],"product_cat":[20],"product_tag":[],"yoast_head":"<!-- This site is optimized with the Yoast SEO plugin v21.9.1 - https:\/\/yoast.com\/wordpress\/plugins\/seo\/ -->\n<title>Taza Horizonte Sereno - La Atrevida Eventos<\/title>\n<meta name=\"robots\" content=\"index, follow, max-snippet:-1, max-image-preview:large, max-video-preview:-1\" \/>\n<link rel=\"canonical\" href=\"https:\/\/laatrevida.com\/en\/product\/taza-horizonte-sereno\/\" \/>\n<meta property=\"og:locale\" content=\"en_GB\" \/>\n<meta property=\"og:type\" content=\"article\" \/>\n<meta property=\"og:title\" content=\"Taza Horizonte Sereno - La Atrevida Eventos\" \/>\n<meta property=\"og:description\" content=\"Taza Horizonte Sereno\" \/>\n<meta property=\"og:url\" content=\"https:\/\/laatrevida.com\/en\/product\/taza-horizonte-sereno\/\" \/>\n<meta property=\"og:site_name\" content=\"La Atrevida Eventos\" \/>\n<meta property=\"og:image\" content=\"https:\/\/laatrevida.com\/wp-content\/uploads\/2024\/02\/Art.-Reg.-9.jpg\" \/>\n\t<meta property=\"og:image:width\" content=\"2000\" \/>\n\t<meta property=\"og:image:height\" content=\"2000\" \/>\n\t<meta property=\"og:image:type\" content=\"image\/jpeg\" \/>\n<meta name=\"twitter:card\" content=\"summary_large_image\" \/>\n<script type=\"application\/ld+json\" class=\"yoast-schema-graph\">{\"@context\":\"https:\/\/schema.org\",\"@graph\":[{\"@type\":\"WebPage\",\"@id\":\"https:\/\/laatrevida.com\/producto\/taza-horizonte-sereno\/\",\"url\":\"https:\/\/laatrevida.com\/producto\/taza-horizonte-sereno\/\",\"name\":\"Taza Horizonte Sereno - La Atrevida Eventos\",\"isPartOf\":{\"@id\":\"https:\/\/laatrevida.com\/#website\"},\"datePublished\":\"2024-02-01T20:10:35+00:00\",\"dateModified\":\"2024-02-01T20:10:35+00:00\",\"breadcrumb\":{\"@id\":\"https:\/\/laatrevida.com\/producto\/taza-horizonte-sereno\/#breadcrumb\"},\"inLanguage\":\"en-GB\",\"potentialAction\":[{\"@type\":\"ReadAction\",\"target\":[\"https:\/\/laatrevida.com\/producto\/taza-horizonte-sereno\/\"]}]},{\"@type\":\"BreadcrumbList\",\"@id\":\"https:\/\/laatrevida.com\/producto\/taza-horizonte-sereno\/#breadcrumb\",\"itemListElement\":[{\"@type\":\"ListItem\",\"position\":1,\"name\":\"Portada\",\"item\":\"https:\/\/laatrevida.com\/\"},{\"@type\":\"ListItem\",\"position\":2,\"name\":\"Tienda\",\"item\":\"https:\/\/laatrevida.com\/tienda\/\"},{\"@type\":\"ListItem\",\"position\":3,\"name\":\"Taza Horizonte Sereno\"}]},{\"@type\":\"WebSite\",\"@id\":\"https:\/\/laatrevida.com\/#website\",\"url\":\"https:\/\/laatrevida.com\/\",\"name\":\"La Atrevida Eventos\",\"description\":\"Wedding Planner y Eventos\",\"potentialAction\":[{\"@type\":\"SearchAction\",\"target\":{\"@type\":\"EntryPoint\",\"urlTemplate\":\"https:\/\/laatrevida.com\/?s={search_term_string}\"},\"query-input\":\"required name=search_term_string\"}],\"inLanguage\":\"en-GB\"}]}<\/script>\n<!-- \/ Yoast SEO plugin. -->","yoast_head_json":{"title":"Taza Horizonte Sereno - La Atrevida Eventos","robots":{"index":"index","follow":"follow","max-snippet":"max-snippet:-1","max-image-preview":"max-image-preview:large","max-video-preview":"max-video-preview:-1"},"canonical":"https:\/\/laatrevida.com\/en\/product\/taza-horizonte-sereno\/","og_locale":"en_GB","og_type":"article","og_title":"Taza Horizonte Sereno - La Atrevida Eventos","og_description":"Taza Horizonte Sereno","og_url":"https:\/\/laatrevida.com\/en\/product\/taza-horizonte-sereno\/","og_site_name":"La Atrevida Eventos","og_image":[{"width":2000,"height":2000,"url":"https:\/\/laatrevida.com\/wp-content\/uploads\/2024\/02\/Art.-Reg.-9.jpg","type":"image\/jpeg"}],"twitter_card":"summary_large_image","schema":{"@context":"https:\/\/schema.org","@graph":[{"@type":"WebPage","@id":"https:\/\/laatrevida.com\/producto\/taza-horizonte-sereno\/","url":"https:\/\/laatrevida.com\/producto\/taza-horizonte-sereno\/","name":"Taza Horizonte Sereno - La Atrevida Eventos","isPartOf":{"@id":"https:\/\/laatrevida.com\/#website"},"datePublished":"2024-02-01T20:10:35+00:00","dateModified":"2024-02-01T20:10:35+00:00","breadcrumb":{"@id":"https:\/\/laatrevida.com\/producto\/taza-horizonte-sereno\/#breadcrumb"},"inLanguage":"en-GB","potentialAction":[{"@type":"ReadAction","target":["https:\/\/laatrevida.com\/producto\/taza-horizonte-sereno\/"]}]},{"@type":"BreadcrumbList","@id":"https:\/\/laatrevida.com\/producto\/taza-horizonte-sereno\/#breadcrumb","itemListElement":[{"@type":"ListItem","position":1,"name":"Portada","item":"https:\/\/laatrevida.com\/"},{"@type":"ListItem","position":2,"name":"Tienda","item":"https:\/\/laatrevida.com\/tienda\/"},{"@type":"ListItem","position":3,"name":"Taza Horizonte Sereno"}]},{"@type":"WebSite","@id":"https:\/\/laatrevida.com\/#website","url":"https:\/\/laatrevida.com\/","name":"La Atrevida Eventos","description":"Wedding Planner y Eventos","potentialAction":[{"@type":"SearchAction","target":{"@type":"EntryPoint","urlTemplate":"https:\/\/laatrevida.com\/?s={search_term_string}"},"query-input":"required name=search_term_string"}],"inLanguage":"en-GB"}]}},"_links":{"self":[{"href":"https:\/\/laatrevida.com\/en\/wp-json\/wp\/v2\/product\/1070"}],"collection":[{"href":"https:\/\/laatrevida.com\/en\/wp-json\/wp\/v2\/product"}],"about":[{"href":"https:\/\/laatrevida.com\/en\/wp-json\/wp\/v2\/types\/product"}],"replies":[{"embeddable":true,"href":"https:\/\/laatrevida.com\/en\/wp-json\/wp\/v2\/comments?post=1070"}],"wp:featuredmedia":[{"embeddable":true,"href":"https:\/\/laatrevida.com\/en\/wp-json\/wp\/v2\/media\/1071"}],"wp:attachment":[{"href":"https:\/\/laatrevida.com\/en\/wp-json\/wp\/v2\/media?parent=1070"}],"wp:term":[{"taxonomy":"product_cat","embeddable":true,"href":"https:\/\/laatrevida.com\/en\/wp-json\/wp\/v2\/product_cat?post=1070"},{"taxonomy":"product_tag","embeddable":true,"href":"https:\/\/laatrevida.com\/en\/wp-json\/wp\/v2\/product_tag?post=1070"}],"curies":[{"name":"wp","href":"https:\/\/api.w.org\/{rel}","templated":true}]}}