{"id":1018,"date":"2024-02-01T20:56:13","date_gmt":"2024-02-01T19:56:13","guid":{"rendered":"https:\/\/laatrevida.com\/?post_type=product&#038;p=1018"},"modified":"2024-02-01T20:56:13","modified_gmt":"2024-02-01T19:56:13","slug":"pompero-con-juego-de-habilidad-5-colores-disponibles","status":"publish","type":"product","link":"https:\/\/laatrevida.com\/en\/product\/pompero-con-juego-de-habilidad-5-colores-disponibles\/","title":{"rendered":"Pompero con juego de habilidad. 5 colores disponibles."},"content":{"rendered":"<p>Divertido pompero con juego de habilidad integrado en la tapa. Disponibles en los colores: Verde, Rosa, Rojo, Azul y Amarillo. Para dos tama\u00f1os de pompas. **L\u00edquido no inclu\u00eddo**.  Capacidad para 60ml. Recomendado para ni\u00f1os a partir de tres a\u00f1os. <\/p>","protected":false},"excerpt":{"rendered":"<p>Pompero con juego de habilidad. 5 colores disponibles. <\/p>","protected":false},"featured_media":1027,"comment_status":"open","ping_status":"closed","template":"","meta":[],"product_cat":[19],"product_tag":[],"yoast_head":"<!-- This site is optimized with the Yoast SEO plugin v21.9.1 - https:\/\/yoast.com\/wordpress\/plugins\/seo\/ -->\n<title>Pompero con juego de habilidad. 5 colores disponibles. - La Atrevida Eventos<\/title>\n<meta name=\"robots\" content=\"index, follow, max-snippet:-1, max-image-preview:large, max-video-preview:-1\" \/>\n<link rel=\"canonical\" href=\"https:\/\/laatrevida.com\/en\/product\/pompero-con-juego-de-habilidad-5-colores-disponibles\/\" \/>\n<meta property=\"og:locale\" content=\"en_GB\" \/>\n<meta property=\"og:type\" content=\"article\" \/>\n<meta property=\"og:title\" content=\"Pompero con juego de habilidad. 5 colores disponibles. - La Atrevida Eventos\" \/>\n<meta property=\"og:description\" content=\"Pompero con juego de habilidad. 5 colores disponibles.\" \/>\n<meta property=\"og:url\" content=\"https:\/\/laatrevida.com\/en\/product\/pompero-con-juego-de-habilidad-5-colores-disponibles\/\" \/>\n<meta property=\"og:site_name\" content=\"La Atrevida Eventos\" \/>\n<meta property=\"og:image\" content=\"https:\/\/laatrevida.com\/wp-content\/uploads\/2024\/02\/Reg.ninos7_.jpg\" \/>\n\t<meta property=\"og:image:width\" content=\"800\" \/>\n\t<meta property=\"og:image:height\" content=\"800\" \/>\n\t<meta property=\"og:image:type\" content=\"image\/jpeg\" \/>\n<meta name=\"twitter:card\" content=\"summary_large_image\" \/>\n<script type=\"application\/ld+json\" class=\"yoast-schema-graph\">{\"@context\":\"https:\/\/schema.org\",\"@graph\":[{\"@type\":\"WebPage\",\"@id\":\"https:\/\/laatrevida.com\/producto\/pompero-con-juego-de-habilidad-5-colores-disponibles\/\",\"url\":\"https:\/\/laatrevida.com\/producto\/pompero-con-juego-de-habilidad-5-colores-disponibles\/\",\"name\":\"Pompero con juego de habilidad. 5 colores disponibles. - La Atrevida Eventos\",\"isPartOf\":{\"@id\":\"https:\/\/laatrevida.com\/#website\"},\"datePublished\":\"2024-02-01T19:56:13+00:00\",\"dateModified\":\"2024-02-01T19:56:13+00:00\",\"breadcrumb\":{\"@id\":\"https:\/\/laatrevida.com\/producto\/pompero-con-juego-de-habilidad-5-colores-disponibles\/#breadcrumb\"},\"inLanguage\":\"en-GB\",\"potentialAction\":[{\"@type\":\"ReadAction\",\"target\":[\"https:\/\/laatrevida.com\/producto\/pompero-con-juego-de-habilidad-5-colores-disponibles\/\"]}]},{\"@type\":\"BreadcrumbList\",\"@id\":\"https:\/\/laatrevida.com\/producto\/pompero-con-juego-de-habilidad-5-colores-disponibles\/#breadcrumb\",\"itemListElement\":[{\"@type\":\"ListItem\",\"position\":1,\"name\":\"Portada\",\"item\":\"https:\/\/laatrevida.com\/\"},{\"@type\":\"ListItem\",\"position\":2,\"name\":\"Tienda\",\"item\":\"https:\/\/laatrevida.com\/tienda\/\"},{\"@type\":\"ListItem\",\"position\":3,\"name\":\"Pompero con juego de habilidad. 5 colores disponibles.\"}]},{\"@type\":\"WebSite\",\"@id\":\"https:\/\/laatrevida.com\/#website\",\"url\":\"https:\/\/laatrevida.com\/\",\"name\":\"La Atrevida Eventos\",\"description\":\"Wedding Planner y Eventos\",\"potentialAction\":[{\"@type\":\"SearchAction\",\"target\":{\"@type\":\"EntryPoint\",\"urlTemplate\":\"https:\/\/laatrevida.com\/?s={search_term_string}\"},\"query-input\":\"required name=search_term_string\"}],\"inLanguage\":\"en-GB\"}]}<\/script>\n<!-- \/ Yoast SEO plugin. -->","yoast_head_json":{"title":"Pompero con juego de habilidad. 5 colores disponibles. - La Atrevida Eventos","robots":{"index":"index","follow":"follow","max-snippet":"max-snippet:-1","max-image-preview":"max-image-preview:large","max-video-preview":"max-video-preview:-1"},"canonical":"https:\/\/laatrevida.com\/en\/product\/pompero-con-juego-de-habilidad-5-colores-disponibles\/","og_locale":"en_GB","og_type":"article","og_title":"Pompero con juego de habilidad. 5 colores disponibles. - La Atrevida Eventos","og_description":"Pompero con juego de habilidad. 5 colores disponibles.","og_url":"https:\/\/laatrevida.com\/en\/product\/pompero-con-juego-de-habilidad-5-colores-disponibles\/","og_site_name":"La Atrevida Eventos","og_image":[{"width":800,"height":800,"url":"https:\/\/laatrevida.com\/wp-content\/uploads\/2024\/02\/Reg.ninos7_.jpg","type":"image\/jpeg"}],"twitter_card":"summary_large_image","schema":{"@context":"https:\/\/schema.org","@graph":[{"@type":"WebPage","@id":"https:\/\/laatrevida.com\/producto\/pompero-con-juego-de-habilidad-5-colores-disponibles\/","url":"https:\/\/laatrevida.com\/producto\/pompero-con-juego-de-habilidad-5-colores-disponibles\/","name":"Pompero con juego de habilidad. 5 colores disponibles. - La Atrevida Eventos","isPartOf":{"@id":"https:\/\/laatrevida.com\/#website"},"datePublished":"2024-02-01T19:56:13+00:00","dateModified":"2024-02-01T19:56:13+00:00","breadcrumb":{"@id":"https:\/\/laatrevida.com\/producto\/pompero-con-juego-de-habilidad-5-colores-disponibles\/#breadcrumb"},"inLanguage":"en-GB","potentialAction":[{"@type":"ReadAction","target":["https:\/\/laatrevida.com\/producto\/pompero-con-juego-de-habilidad-5-colores-disponibles\/"]}]},{"@type":"BreadcrumbList","@id":"https:\/\/laatrevida.com\/producto\/pompero-con-juego-de-habilidad-5-colores-disponibles\/#breadcrumb","itemListElement":[{"@type":"ListItem","position":1,"name":"Portada","item":"https:\/\/laatrevida.com\/"},{"@type":"ListItem","position":2,"name":"Tienda","item":"https:\/\/laatrevida.com\/tienda\/"},{"@type":"ListItem","position":3,"name":"Pompero con juego de habilidad. 5 colores disponibles."}]},{"@type":"WebSite","@id":"https:\/\/laatrevida.com\/#website","url":"https:\/\/laatrevida.com\/","name":"La Atrevida Eventos","description":"Wedding Planner y Eventos","potentialAction":[{"@type":"SearchAction","target":{"@type":"EntryPoint","urlTemplate":"https:\/\/laatrevida.com\/?s={search_term_string}"},"query-input":"required name=search_term_string"}],"inLanguage":"en-GB"}]}},"_links":{"self":[{"href":"https:\/\/laatrevida.com\/en\/wp-json\/wp\/v2\/product\/1018"}],"collection":[{"href":"https:\/\/laatrevida.com\/en\/wp-json\/wp\/v2\/product"}],"about":[{"href":"https:\/\/laatrevida.com\/en\/wp-json\/wp\/v2\/types\/product"}],"replies":[{"embeddable":true,"href":"https:\/\/laatrevida.com\/en\/wp-json\/wp\/v2\/comments?post=1018"}],"wp:featuredmedia":[{"embeddable":true,"href":"https:\/\/laatrevida.com\/en\/wp-json\/wp\/v2\/media\/1027"}],"wp:attachment":[{"href":"https:\/\/laatrevida.com\/en\/wp-json\/wp\/v2\/media?parent=1018"}],"wp:term":[{"taxonomy":"product_cat","embeddable":true,"href":"https:\/\/laatrevida.com\/en\/wp-json\/wp\/v2\/product_cat?post=1018"},{"taxonomy":"product_tag","embeddable":true,"href":"https:\/\/laatrevida.com\/en\/wp-json\/wp\/v2\/product_tag?post=1018"}],"curies":[{"name":"wp","href":"https:\/\/api.w.org\/{rel}","templated":true}]}}