{"id":685,"date":"2024-02-01T13:19:37","date_gmt":"2024-02-01T12:19:37","guid":{"rendered":"https:\/\/laatrevida.com\/carrito\/"},"modified":"2024-02-01T19:12:16","modified_gmt":"2024-02-01T18:12:16","slug":"carrito","status":"publish","type":"page","link":"https:\/\/laatrevida.com\/en\/carrito\/","title":{"rendered":"Carrito"},"content":{"rendered":"<div data-elementor-type=\"wp-page\" data-elementor-id=\"685\" class=\"elementor elementor-685\" data-elementor-post-type=\"page\">\n\t\t\t\t\t\t<section class=\"ob-is-breaking-bad elementor-section elementor-top-section elementor-element elementor-element-6935716 elementor-section-height-min-height elementor-section-full_width elementor-section-items-bottom elementor-section-content-bottom elementor-section-height-default\" data-id=\"6935716\" data-element_type=\"section\" data-settings=\"{&quot;background_background&quot;:&quot;classic&quot;,&quot;_ob_bbad_use_it&quot;:&quot;yes&quot;,&quot;_ob_bbad_sssic_use&quot;:&quot;no&quot;,&quot;_ob_glider_is_slider&quot;:&quot;no&quot;}\">\n\t\t\t\t\t\t<div class=\"elementor-container elementor-column-gap-default\">\n\t\t\t\t\t<div class=\"elementor-column elementor-col-100 elementor-top-column elementor-element elementor-element-7c9c79f\" data-id=\"7c9c79f\" data-element_type=\"column\" data-settings=\"{&quot;_ob_bbad_is_stalker&quot;:&quot;no&quot;,&quot;_ob_teleporter_use&quot;:false,&quot;_ob_column_hoveranimator&quot;:&quot;no&quot;,&quot;_ob_column_has_pseudo&quot;:&quot;no&quot;}\">\n\t\t\t<div class=\"elementor-widget-wrap\">\n\t\t\t\t\t\t\t<\/div>\n\t\t<\/div>\n\t\t\t\t\t<\/div>\n\t\t<\/section>\n\t\t\t\t<section class=\"ob-is-breaking-bad elementor-section elementor-top-section elementor-element elementor-element-03cf488 elementor-section-boxed elementor-section-height-default elementor-section-height-default\" data-id=\"03cf488\" data-element_type=\"section\" data-settings=\"{&quot;_ob_bbad_use_it&quot;:&quot;yes&quot;,&quot;_ob_bbad_sssic_use&quot;:&quot;no&quot;,&quot;_ob_glider_is_slider&quot;:&quot;no&quot;}\">\n\t\t\t\t\t\t<div class=\"elementor-container elementor-column-gap-default\">\n\t\t\t\t\t<div class=\"elementor-column elementor-col-100 elementor-top-column elementor-element elementor-element-62bcb55\" data-id=\"62bcb55\" data-element_type=\"column\" data-settings=\"{&quot;_ob_bbad_is_stalker&quot;:&quot;no&quot;,&quot;_ob_teleporter_use&quot;:false,&quot;_ob_column_hoveranimator&quot;:&quot;no&quot;,&quot;_ob_column_has_pseudo&quot;:&quot;no&quot;}\">\n\t\t\t<div class=\"elementor-widget-wrap elementor-element-populated\">\n\t\t\t\t\t\t<div class=\"elementor-element elementor-element-dff6177 ob-has-background-overlay elementor-widget elementor-widget-woocommerce-breadcrumb\" data-id=\"dff6177\" data-element_type=\"widget\" data-settings=\"{&quot;_ob_perspektive_use&quot;:&quot;no&quot;,&quot;_ob_poopart_use&quot;:&quot;yes&quot;,&quot;_ob_shadough_use&quot;:&quot;no&quot;,&quot;_ob_allow_hoveranimator&quot;:&quot;no&quot;,&quot;_ob_widget_stalker_use&quot;:&quot;no&quot;}\" data-widget_type=\"woocommerce-breadcrumb.default\">\n\t\t\t\t<div class=\"elementor-widget-container\">\n\t\t\t<link rel=\"stylesheet\" href=\"https:\/\/laatrevida.com\/wp-content\/plugins\/elementor-pro\/assets\/css\/widget-woocommerce.min.css\"><nav class=\"woocommerce-breadcrumb\" aria-label=\"Breadcrumb\" data-no-translation=\"\" data-trp-gettext=\"\">Home<\/nav>\t\t<\/div>\n\t\t\t\t<\/div>\n\t\t\t\t\t<\/div>\n\t\t<\/div>\n\t\t\t\t\t<\/div>\n\t\t<\/section>\n\t\t\t\t<section class=\"ob-is-breaking-bad elementor-section elementor-top-section elementor-element elementor-element-964db97 elementor-section-boxed elementor-section-height-default elementor-section-height-default\" data-id=\"964db97\" data-element_type=\"section\" data-settings=\"{&quot;_ob_bbad_use_it&quot;:&quot;yes&quot;,&quot;_ob_bbad_sssic_use&quot;:&quot;no&quot;,&quot;_ob_glider_is_slider&quot;:&quot;no&quot;}\">\n\t\t\t\t\t\t<div class=\"elementor-container elementor-column-gap-default\">\n\t\t\t\t\t<div class=\"elementor-column elementor-col-100 elementor-top-column elementor-element elementor-element-7f69577\" data-id=\"7f69577\" data-element_type=\"column\" data-settings=\"{&quot;_ob_bbad_is_stalker&quot;:&quot;no&quot;,&quot;_ob_teleporter_use&quot;:false,&quot;_ob_column_hoveranimator&quot;:&quot;no&quot;,&quot;_ob_column_has_pseudo&quot;:&quot;no&quot;}\">\n\t\t\t<div class=\"elementor-widget-wrap elementor-element-populated\">\n\t\t\t\t\t\t\t<\/div>\n\t\t<\/div>\n\t\t\t\t\t<\/div>\n\t\t<\/section>\n\t\t\t\t<\/div>","protected":false},"excerpt":{"rendered":"<p>Eliminar art\u00edculo Imagen en miniatura Producto Precio Cantidad Subtotal &times; Coj\u00edn Zod\u00edaco (copia) 24,00&nbsp;&euro; Coj\u00edn Zod\u00edaco (copia) cantidad 24,00&nbsp;&euro; &times; Coj\u00edn Zod\u00edaco 24,00&nbsp;&euro; Coj\u00edn Zod\u00edaco cantidad 24,00&nbsp;&euro; &times; Coj\u00edn Zod\u00edaco (copia) 24,00&nbsp;&euro; Coj\u00edn Zod\u00edaco (copia) cantidad 24,00&nbsp;&euro; Aplicar Cup\u00f3n Cart Totals Subtotal 72,00&nbsp;&euro; Total 72,00&nbsp;&euro; Proceder a Pagar<\/p>","protected":false},"author":1,"featured_media":0,"parent":0,"menu_order":0,"comment_status":"closed","ping_status":"closed","template":"","meta":{"footnotes":""},"yoast_head":"<!-- This site is optimized with the Yoast SEO plugin v21.9.1 - https:\/\/yoast.com\/wordpress\/plugins\/seo\/ -->\n<title>Carrito - La Atrevida Eventos<\/title>\n<meta name=\"robots\" content=\"index, follow, max-snippet:-1, max-image-preview:large, max-video-preview:-1\" \/>\n<link rel=\"canonical\" href=\"https:\/\/laatrevida.com\/en\/carrito\/\" \/>\n<meta property=\"og:locale\" content=\"en_GB\" \/>\n<meta property=\"og:type\" content=\"article\" \/>\n<meta property=\"og:title\" content=\"Carrito - La Atrevida Eventos\" \/>\n<meta property=\"og:description\" content=\"Eliminar art\u00edculo Imagen en miniatura Producto Precio Cantidad Subtotal &times; Coj\u00edn Zod\u00edaco (copia) 24,00&nbsp;&euro; Coj\u00edn Zod\u00edaco (copia) cantidad 24,00&nbsp;&euro; &times; Coj\u00edn Zod\u00edaco 24,00&nbsp;&euro; Coj\u00edn Zod\u00edaco cantidad 24,00&nbsp;&euro; &times; Coj\u00edn Zod\u00edaco (copia) 24,00&nbsp;&euro; Coj\u00edn Zod\u00edaco (copia) cantidad 24,00&nbsp;&euro; Aplicar Cup\u00f3n Cart Totals Subtotal 72,00&nbsp;&euro; Total 72,00&nbsp;&euro; Proceder a Pagar\" \/>\n<meta property=\"og:url\" content=\"https:\/\/laatrevida.com\/en\/carrito\/\" \/>\n<meta property=\"og:site_name\" content=\"La Atrevida Eventos\" \/>\n<meta property=\"article:modified_time\" content=\"2024-02-01T18:12:16+00:00\" \/>\n<meta property=\"og:image\" content=\"https:\/\/laatrevida.com\/wp-content\/uploads\/2024\/02\/Art.Deco_.3-300x300.jpeg\" \/>\n<meta name=\"twitter:card\" content=\"summary_large_image\" \/>\n<script type=\"application\/ld+json\" class=\"yoast-schema-graph\">{\"@context\":\"https:\/\/schema.org\",\"@graph\":[{\"@type\":\"WebPage\",\"@id\":\"https:\/\/laatrevida.com\/carrito\/\",\"url\":\"https:\/\/laatrevida.com\/carrito\/\",\"name\":\"Carrito - La Atrevida Eventos\",\"isPartOf\":{\"@id\":\"https:\/\/laatrevida.com\/#website\"},\"datePublished\":\"2024-02-01T12:19:37+00:00\",\"dateModified\":\"2024-02-01T18:12:16+00:00\",\"breadcrumb\":{\"@id\":\"https:\/\/laatrevida.com\/carrito\/#breadcrumb\"},\"inLanguage\":\"en-GB\",\"potentialAction\":[{\"@type\":\"ReadAction\",\"target\":[\"https:\/\/laatrevida.com\/carrito\/\"]}]},{\"@type\":\"BreadcrumbList\",\"@id\":\"https:\/\/laatrevida.com\/carrito\/#breadcrumb\",\"itemListElement\":[{\"@type\":\"ListItem\",\"position\":1,\"name\":\"Portada\",\"item\":\"https:\/\/laatrevida.com\/\"},{\"@type\":\"ListItem\",\"position\":2,\"name\":\"Carrito\"}]},{\"@type\":\"WebSite\",\"@id\":\"https:\/\/laatrevida.com\/#website\",\"url\":\"https:\/\/laatrevida.com\/\",\"name\":\"La Atrevida Eventos\",\"description\":\"Wedding Planner y Eventos\",\"potentialAction\":[{\"@type\":\"SearchAction\",\"target\":{\"@type\":\"EntryPoint\",\"urlTemplate\":\"https:\/\/laatrevida.com\/?s={search_term_string}\"},\"query-input\":\"required name=search_term_string\"}],\"inLanguage\":\"en-GB\"}]}<\/script>\n<!-- \/ Yoast SEO plugin. -->","yoast_head_json":{"title":"Carrito - La Atrevida Eventos","robots":{"index":"index","follow":"follow","max-snippet":"max-snippet:-1","max-image-preview":"max-image-preview:large","max-video-preview":"max-video-preview:-1"},"canonical":"https:\/\/laatrevida.com\/en\/carrito\/","og_locale":"en_GB","og_type":"article","og_title":"Carrito - La Atrevida Eventos","og_description":"Eliminar art\u00edculo Imagen en miniatura Producto Precio Cantidad Subtotal &times; Coj\u00edn Zod\u00edaco (copia) 24,00&nbsp;&euro; Coj\u00edn Zod\u00edaco (copia) cantidad 24,00&nbsp;&euro; &times; Coj\u00edn Zod\u00edaco 24,00&nbsp;&euro; Coj\u00edn Zod\u00edaco cantidad 24,00&nbsp;&euro; &times; Coj\u00edn Zod\u00edaco (copia) 24,00&nbsp;&euro; Coj\u00edn Zod\u00edaco (copia) cantidad 24,00&nbsp;&euro; Aplicar Cup\u00f3n Cart Totals Subtotal 72,00&nbsp;&euro; Total 72,00&nbsp;&euro; Proceder a Pagar","og_url":"https:\/\/laatrevida.com\/en\/carrito\/","og_site_name":"La Atrevida Eventos","article_modified_time":"2024-02-01T18:12:16+00:00","og_image":[{"url":"https:\/\/laatrevida.com\/wp-content\/uploads\/2024\/02\/Art.Deco_.3-300x300.jpeg"}],"twitter_card":"summary_large_image","schema":{"@context":"https:\/\/schema.org","@graph":[{"@type":"WebPage","@id":"https:\/\/laatrevida.com\/carrito\/","url":"https:\/\/laatrevida.com\/carrito\/","name":"Carrito - La Atrevida Eventos","isPartOf":{"@id":"https:\/\/laatrevida.com\/#website"},"datePublished":"2024-02-01T12:19:37+00:00","dateModified":"2024-02-01T18:12:16+00:00","breadcrumb":{"@id":"https:\/\/laatrevida.com\/carrito\/#breadcrumb"},"inLanguage":"en-GB","potentialAction":[{"@type":"ReadAction","target":["https:\/\/laatrevida.com\/carrito\/"]}]},{"@type":"BreadcrumbList","@id":"https:\/\/laatrevida.com\/carrito\/#breadcrumb","itemListElement":[{"@type":"ListItem","position":1,"name":"Portada","item":"https:\/\/laatrevida.com\/"},{"@type":"ListItem","position":2,"name":"Carrito"}]},{"@type":"WebSite","@id":"https:\/\/laatrevida.com\/#website","url":"https:\/\/laatrevida.com\/","name":"La Atrevida Eventos","description":"Wedding Planner y Eventos","potentialAction":[{"@type":"SearchAction","target":{"@type":"EntryPoint","urlTemplate":"https:\/\/laatrevida.com\/?s={search_term_string}"},"query-input":"required name=search_term_string"}],"inLanguage":"en-GB"}]}},"_links":{"self":[{"href":"https:\/\/laatrevida.com\/en\/wp-json\/wp\/v2\/pages\/685"}],"collection":[{"href":"https:\/\/laatrevida.com\/en\/wp-json\/wp\/v2\/pages"}],"about":[{"href":"https:\/\/laatrevida.com\/en\/wp-json\/wp\/v2\/types\/page"}],"author":[{"embeddable":true,"href":"https:\/\/laatrevida.com\/en\/wp-json\/wp\/v2\/users\/1"}],"replies":[{"embeddable":true,"href":"https:\/\/laatrevida.com\/en\/wp-json\/wp\/v2\/comments?post=685"}],"version-history":[{"count":3,"href":"https:\/\/laatrevida.com\/en\/wp-json\/wp\/v2\/pages\/685\/revisions"}],"predecessor-version":[{"id":842,"href":"https:\/\/laatrevida.com\/en\/wp-json\/wp\/v2\/pages\/685\/revisions\/842"}],"wp:attachment":[{"href":"https:\/\/laatrevida.com\/en\/wp-json\/wp\/v2\/media?parent=685"}],"curies":[{"name":"wp","href":"https:\/\/api.w.org\/{rel}","templated":true}]}}