{"id":1139,"date":"2024-02-01T21:46:00","date_gmt":"2024-02-01T20:46:00","guid":{"rendered":"https:\/\/laatrevida.com\/?page_id=1139"},"modified":"2024-02-01T22:19:13","modified_gmt":"2024-02-01T21:19:13","slug":"accesibilidad","status":"publish","type":"page","link":"https:\/\/laatrevida.com\/en\/accesibilidad\/","title":{"rendered":"Accesibilidad"},"content":{"rendered":"<div data-elementor-type=\"wp-page\" data-elementor-id=\"1139\" class=\"elementor elementor-1139\" data-elementor-post-type=\"page\">\n\t\t\t\t\t\t<section class=\"ob-is-breaking-bad elementor-section elementor-top-section elementor-element elementor-element-52c5893 elementor-section-height-min-height elementor-section-full_width elementor-section-items-bottom elementor-section-content-bottom elementor-section-height-default\" data-id=\"52c5893\" data-element_type=\"section\" data-settings=\"{&quot;background_background&quot;:&quot;classic&quot;,&quot;_ob_bbad_use_it&quot;:&quot;yes&quot;,&quot;_ob_bbad_sssic_use&quot;:&quot;no&quot;,&quot;_ob_glider_is_slider&quot;:&quot;no&quot;}\">\n\t\t\t\t\t\t<div class=\"elementor-container elementor-column-gap-default\">\n\t\t\t\t\t<div class=\"elementor-column elementor-col-100 elementor-top-column elementor-element elementor-element-82a0d01\" data-id=\"82a0d01\" data-element_type=\"column\" data-settings=\"{&quot;_ob_bbad_is_stalker&quot;:&quot;no&quot;,&quot;_ob_teleporter_use&quot;:false,&quot;_ob_column_hoveranimator&quot;:&quot;no&quot;,&quot;_ob_column_has_pseudo&quot;:&quot;no&quot;}\">\n\t\t\t<div class=\"elementor-widget-wrap\">\n\t\t\t\t\t\t\t<\/div>\n\t\t<\/div>\n\t\t\t\t\t<\/div>\n\t\t<\/section>\n\t\t\t\t<section class=\"ob-is-breaking-bad elementor-section elementor-top-section elementor-element elementor-element-610922d elementor-section-boxed elementor-section-height-default elementor-section-height-default\" data-id=\"610922d\" data-element_type=\"section\" data-settings=\"{&quot;_ob_bbad_use_it&quot;:&quot;yes&quot;,&quot;_ob_bbad_sssic_use&quot;:&quot;no&quot;,&quot;_ob_glider_is_slider&quot;:&quot;no&quot;}\">\n\t\t\t\t\t\t<div class=\"elementor-container elementor-column-gap-default\">\n\t\t\t\t\t<div class=\"elementor-column elementor-col-100 elementor-top-column elementor-element elementor-element-4130735\" data-id=\"4130735\" data-element_type=\"column\" data-settings=\"{&quot;_ob_bbad_is_stalker&quot;:&quot;no&quot;,&quot;_ob_teleporter_use&quot;:false,&quot;_ob_column_hoveranimator&quot;:&quot;no&quot;,&quot;_ob_column_has_pseudo&quot;:&quot;no&quot;}\">\n\t\t\t<div class=\"elementor-widget-wrap elementor-element-populated\">\n\t\t\t\t\t\t<div class=\"elementor-element elementor-element-3bddd30 ob-harakiri-inherit ob-has-background-overlay elementor-widget elementor-widget-text-editor\" data-id=\"3bddd30\" data-element_type=\"widget\" data-settings=\"{&quot;_ob_use_harakiri&quot;:&quot;yes&quot;,&quot;_ob_harakiri_writing_mode&quot;:&quot;inherit&quot;,&quot;_ob_postman_use&quot;:&quot;no&quot;,&quot;_ob_perspektive_use&quot;:&quot;no&quot;,&quot;_ob_poopart_use&quot;:&quot;yes&quot;,&quot;_ob_shadough_use&quot;:&quot;no&quot;,&quot;_ob_allow_hoveranimator&quot;:&quot;no&quot;,&quot;_ob_widget_stalker_use&quot;:&quot;no&quot;}\" data-widget_type=\"text-editor.default\">\n\t\t\t\t<div class=\"elementor-widget-container\">\n\t\t\t<style>\/*! elementor - v3.19.0 - 29-01-2024 *\/\n.elementor-widget-text-editor.elementor-drop-cap-view-stacked .elementor-drop-cap{background-color:#69727d;color:#fff}.elementor-widget-text-editor.elementor-drop-cap-view-framed .elementor-drop-cap{color:#69727d;border:3px solid;background-color:transparent}.elementor-widget-text-editor:not(.elementor-drop-cap-view-default) .elementor-drop-cap{margin-top:8px}.elementor-widget-text-editor:not(.elementor-drop-cap-view-default) .elementor-drop-cap-letter{width:1em;height:1em}.elementor-widget-text-editor .elementor-drop-cap{float:left;text-align:center;line-height:1;font-size:50px}.elementor-widget-text-editor .elementor-drop-cap-letter{display:inline-block}<\/style>\t\t\t\t<div data-userway-s3-3-styled=\"true\"><div data-userway-s3-3-styled=\"true\"><h1 data-userway-s3-3-styled=\"true\"><strong data-userway-s3-3-styled=\"true\">Declaraci\u00f3n de Accesibilidad<\/strong><\/h1><p data-userway-s3-3-styled=\"true\">La presente declaraci\u00f3n de accesibilidad se aplica al sitio web <a href=\"https:\/\/laatrevida.com\/en\/\">https:\/\/laatrevida.com\/<\/a><\/p><p data-userway-s3-3-styled=\"true\">\u00a0<\/p><\/div><\/div><div data-userway-s3-3-styled=\"true\"><div data-userway-s3-3-styled=\"true\"><div data-userway-s3-3-styled=\"true\"><h2 data-userway-s3-3-styled=\"true\">SITUACI\u00d3N DE CUMPLIMIENTO<\/h2><p data-userway-s3-3-styled=\"true\">Este sitio web es parcialmente conforme con el\u00a0<a href=\"http:\/\/www.boe.es\/diario_boe\/txt.php?id=BOE-A-2018-12699\" target=\"_blank\" rel=\"noopener noreferrer\" data-extlink=\"\" data-userway-s3-3-styled=\"true\">RD 1112\/2018<\/a>\u00a0debido a las excepciones y a la falta de conformidad de los aspectos que se indican en el siguiente punto.<\/p><h3 data-userway-s3-3-styled=\"true\">Medidas de apoyo a la accesibilidad<\/h3><p data-userway-s3-3-styled=\"true\">Gersofontaneria.es toma las siguientes medidas para garantizar la accesibilidad de :<\/p><ul data-print=\"accstmnt_orginfo_measures\" data-printfilter=\"capitalize\" data-userway-s3-3-styled=\"true\"><li data-userway-s3-3-styled=\"true\">Incluir la accesibilidad en nuestras pol\u00edticas internas\u00a0 y asigar metas y responsabilidades de accesibilidad claras.<\/li><\/ul><\/div><\/div><\/div><div data-userway-s3-3-styled=\"true\"><div data-userway-s3-3-styled=\"true\"><h3 data-userway-s3-3-styled=\"true\">CONTENIDO NO ACCESIBLE<\/h3><p data-userway-s3-3-styled=\"true\">El contenido que se recoge a continuaci\u00f3n no es accesible por lo siguiente:<\/p><ul data-userway-s3-3-styled=\"true\"><li data-userway-s3-3-styled=\"true\">Falta de conformidad con el RD 1112\/2018<\/li><\/ul><p data-userway-s3-3-styled=\"true\">Podr\u00edan existir algunos aspectos de contraste que no cumplan los m\u00ednimos exigidos, 3:1, con respecto a los colores adyacentes del fondo de la secci\u00f3n de la web en cuesti\u00f3n.\u00a0 [9.1.4.11 Contraste no textual]<\/p><p data-userway-s3-3-styled=\"true\">Podr\u00edan existir algunos elementos no textuales no etiquetados correctamente [2.5.3 Etiqueta en el nombre] y [4.1.2 Nombre funci\u00f3n y valor]<\/p><p data-userway-s3-3-styled=\"true\">Los buscadores buscan autom\u00e1ticamente sin necesidad de ordenar ninguna acci\u00f3n por parte del usuario [3.2.2 Al recibir entradas]<\/p><p data-userway-s3-3-styled=\"true\">Podr\u00edan existir algunos textos en otro idioma no etiquetados correctamente [3.1.2 Idioma de las partes]<\/p><p data-userway-s3-3-styled=\"true\">Podr\u00edan existir errores de c\u00f3digo puntuales de edici\u00f3n en alguna p\u00e1gina web. [4.1.1 Procesamiento]<\/p><ul data-userway-s3-3-styled=\"true\"><li data-userway-s3-3-styled=\"true\">Carga desproporcionada<\/li><\/ul><p data-userway-s3-3-styled=\"true\">No aplica.<\/p><ul data-userway-s3-3-styled=\"true\"><li data-userway-s3-3-styled=\"true\">El contenido no entra dentro del \u00e1mbito de la legislaci\u00f3n aplicable<\/li><\/ul><p data-userway-s3-3-styled=\"true\">\u00a0<\/p><\/div><\/div><div data-userway-s3-3-styled=\"true\"><div data-userway-s3-3-styled=\"true\"><h3 data-userway-s3-3-styled=\"true\">PREPARACI\u00d3N DE LA SIGUIENTE DECLARACI\u00d3N DE ACCESIBILIDAD<\/h3><p data-userway-s3-3-styled=\"true\">La presente declaraci\u00f3n fue preparada el 16 de diciembre de 2022.<\/p><p data-userway-s3-3-styled=\"true\">El m\u00e9todo empleado para preparar la declaraci\u00f3n ha sido una autoevaluaci\u00f3n llevada a cabo por el gersofontaneria.es<\/p><p data-userway-s3-3-styled=\"true\">\u00a0<\/p><\/div><\/div><div data-userway-s3-3-styled=\"true\"><div data-userway-s3-3-styled=\"true\"><h3 data-userway-s3-3-styled=\"true\">OBSERVACIONES Y DATOS DE CONTACTO<\/h3><p data-userway-s3-3-styled=\"true\">Puede realizar comunicaciones sobre requisitos de accesibilidad (articulo 10.2.a del RD 1112\/2018) como por ejemplo:<\/p><ul data-userway-s3-3-styled=\"true\"><li data-userway-s3-3-styled=\"true\">Transmitir otras dificultades de acceso al contenido<\/li><li data-userway-s3-3-styled=\"true\">Informar sobre cualquier posible incumplimiento por parte de este sitio web<\/li><li data-userway-s3-3-styled=\"true\">Formular cualquier otra consulta o sugerencia de mejora relativa a la accesibilidad del sitio web<\/li><\/ul><p data-userway-s3-3-styled=\"true\">A trav\u00e9s del\u00a0<a href=\"https:\/\/laatrevida.com\/en\/contacto\/\" data-userway-s3-3-styled=\"true\">formulario de contacto<\/a> de este sitio web o a trav\u00e9s del n\u00famero de tel\u00e9fono (+34) 618 95 46 48<\/p><p data-userway-s3-3-styled=\"true\"><strong data-userway-s3-3-styled=\"true\">Puede presentar:<\/strong><\/p><p data-userway-s3-3-styled=\"true\"><strong data-userway-s3-3-styled=\"true\">Queja\u00a0<\/strong>relativa al cumplimiento de los requisitos del RD 1112\/2018 o\u00a0<b data-userway-s3-3-styled=\"true\">Solicitud de Informaci\u00f3n accesible<\/b>\u00a0relativa a:<\/p><p data-userway-s3-3-styled=\"true\">Contenidos\u00a0que est\u00e1n\u00a0excluidos\u00a0del\u00a0\u00e1mbito de aplicaci\u00f3n\u00a0del RD 1112\/2018 seg\u00fan lo establecido por el art\u00edculo 3, apartado 4<\/p><p data-userway-s3-3-styled=\"true\">Contenidos\u00a0que est\u00e1n\u00a0exentos\u00a0del\u00a0cumplimiento\u00a0de los requisitos de accesibilidad por imponer una\u00a0carga desproporcionada.<\/p><p data-userway-s3-3-styled=\"true\">En la Solicitud de informaci\u00f3n accesible, se debe concretar, con toda claridad, los hechos, razones y petici\u00f3n que permitan constatar que se trata de una solicitud razonable y leg\u00edtima.<\/p><\/div><div data-if=\"accstmnt_tech\" data-userway-s3-3-styled=\"true\"><h3 data-userway-s3-3-styled=\"true\">Especificaciones t\u00e9cnicas<\/h3><p data-userway-s3-3-styled=\"true\">Accesibilidad de gersofontaneria.es se basa en las siguientes tecnolog\u00edas para funcionar con la combinaci\u00f3n particular de navegador web y cualquier tecnolog\u00eda de asistencia o complemento instalado en su computadora:<\/p><p data-userway-s3-3-styled=\"true\">\u2013\u00a0<strong data-userway-s3-3-styled=\"true\">HTML , CSS\u00a0 y JavaScript<\/strong><\/p><p data-userway-s3-3-styled=\"true\">Se conf\u00eda en estas tecnolog\u00edas para cumplir con los est\u00e1ndares de accesibilidad utilizados.<\/p><\/div><div data-if=\"accstmnt_approach\" data-userway-s3-3-styled=\"true\"><h3 data-userway-s3-3-styled=\"true\">Enfoque de evaluaci\u00f3n<\/h3><p data-userway-s3-3-styled=\"true\"><span data-print=\"accstmt_org\" data-printdefault=\"ORGANIZATION\" data-userway-s3-3-styled=\"true\">Se ha\u00a0<\/span>evaluado la accesibilidad de la web\u00a0 de <a href=\"https:\/\/laatrevida.com\/en\/\">https:\/\/laatrevida.com\/\u00a0<\/a>mediante el\u00a0 enfoque de\u00a0\u00a0<strong data-userway-s3-3-styled=\"true\">Autoevaluaci\u00f3n<\/strong><\/p><\/div><\/div><div data-userway-s3-3-styled=\"true\"><div data-userway-s3-3-styled=\"true\"><div data-userway-s3-3-styled=\"true\"><h3 data-userway-s3-3-styled=\"true\">PROCEDIMIENTO DE APLICACI\u00d3N<\/h3><p data-userway-s3-3-styled=\"true\">Si una vez realizada una solicitud de informaci\u00f3n accesible o queja, \u00e9sta hubiera sido desestimada, no se estuviera de acuerdo con la decisi\u00f3n adoptada, o la respuesta no cumpliera los requisitos contemplados en el art\u00edculo 12.5, la persona interesada podr\u00e1 iniciar una reclamaci\u00f3n. Igualmente se podr\u00e1 iniciar una reclamaci\u00f3n en el caso de que haya transcurrido el plazo de veinte d\u00edas h\u00e1biles sin haber obtenido respuesta.<\/p><p data-userway-s3-3-styled=\"true\">La reclamaci\u00f3n puede ser presentada trav\u00e9s de la Instancia Gen\u00e9rica de la Sede electr\u00f3nica del Ministerio de Asuntos Econ\u00f3micos y Transformaci\u00f3n Digital , as\u00ed como en el resto de opciones recogidas en la Ley 39\/ 2015, de 1 de octubre, del Procedimiento Administrativo Com\u00fan de las Administraciones P\u00fablicas.<br \/>Las reclamaciones ser\u00e1n recibidas y tratadas por la Subdirecci\u00f3n General de Inspecci\u00f3n de Servicios del Ministerio.<\/p><\/div><\/div><\/div><div data-userway-s3-3-styled=\"true\"><div data-userway-s3-3-styled=\"true\"><div data-userway-s3-3-styled=\"true\"><h3 data-userway-s3-3-styled=\"true\">CONTENIDO OPCIONAL<\/h3><p data-userway-s3-3-styled=\"true\">Este portal esta dise\u00f1ado para poder cambiar el tama\u00f1o del texto y el color, as\u00ed\u00a0como el fondo de la pagina mediante las opciones de configuraci\u00f3n est\u00e1ndar de los navegadores.<\/p><p data-userway-s3-3-styled=\"true\">Si desea cambiar el tama\u00f1o de letra del texto en los principales navegadores gr\u00e1ficos utilice los siguientes men\u00fas:<\/p><ul data-userway-s3-3-styled=\"true\"><li data-userway-s3-3-styled=\"true\">Internet Explorer, Mozilla y Firefox: Ver &gt; Tama\u00f1o del texto<\/li><li data-userway-s3-3-styled=\"true\">Opera: Ver &gt; Zoom<\/li><li data-userway-s3-3-styled=\"true\">Safari: Ver &gt; Hacer el texto mas grande<\/li><li data-userway-s3-3-styled=\"true\">Chrome: Controla la pagina actual &gt; Tama\u00f1o del texto<\/li><li data-userway-s3-3-styled=\"true\">Para modificar el tama\u00f1o de todo en la pagina:<br \/><ul data-userway-s3-3-styled=\"true\"><li data-userway-s3-3-styled=\"true\">Ctrl + + para aumentarlo<\/li><li data-userway-s3-3-styled=\"true\">Ctrl + \u2013 para disminuirlo<\/li><li data-userway-s3-3-styled=\"true\">Ctrl + 0 restaura el tama\u00f1o original del texto<\/li><li data-userway-s3-3-styled=\"true\">Si lo que quiere es anular la hoja de estilos o modificar el color del texto, puede consultar la pagina\u00a0<span lang=\"en\" data-userway-s3-3-styled=\"true\">How to Change Text Size or Colors<\/span>\u00a0de la WAI, que se puede leer traducida al espa\u00f1ol en \u00bfC\u00f3mo cambiar el tama\u00f1o del texto o colores?<\/li><\/ul><\/li><\/ul><\/div><\/div><\/div>\t\t\t\t\t\t<\/div>\n\t\t\t\t<\/div>\n\t\t\t\t\t<\/div>\n\t\t<\/div>\n\t\t\t\t\t<\/div>\n\t\t<\/section>\n\t\t\t\t<\/div>","protected":false},"excerpt":{"rendered":"<p>Declaraci\u00f3n de Accesibilidad La presente declaraci\u00f3n de accesibilidad se aplica al sitio web https:\/\/laatrevida.com\/ SITUACI\u00d3N DE CUMPLIMIENTO Este sitio web es parcialmente conforme con el\u00a0RD 1112\/2018\u00a0debido a las excepciones y a la falta de conformidad de los aspectos que se indican en el siguiente punto. Medidas de apoyo a la accesibilidad Gersofontaneria.es toma las siguientes [&hellip;]<\/p>","protected":false},"author":1,"featured_media":0,"parent":0,"menu_order":0,"comment_status":"closed","ping_status":"closed","template":"","meta":{"footnotes":""},"yoast_head":"<!-- This site is optimized with the Yoast SEO plugin v21.9.1 - https:\/\/yoast.com\/wordpress\/plugins\/seo\/ -->\n<title>Accesibilidad | La Atrevida Eventos<\/title>\n<meta name=\"description\" content=\"Declaraci\u00f3n de Accesibilidad de la web alcarent.es, d\u00f3nde se especifican todos los contenidos y especificaciones t\u00e9cnicas.\" \/>\n<meta name=\"robots\" content=\"index, follow, max-snippet:-1, max-image-preview:large, max-video-preview:-1\" \/>\n<link rel=\"canonical\" href=\"https:\/\/laatrevida.com\/en\/accesibilidad\/\" \/>\n<meta property=\"og:locale\" content=\"en_GB\" \/>\n<meta property=\"og:type\" content=\"article\" \/>\n<meta property=\"og:title\" content=\"Accesibilidad | La Atrevida Eventos\" \/>\n<meta property=\"og:description\" content=\"Declaraci\u00f3n de Accesibilidad de la web alcarent.es, d\u00f3nde se especifican todos los contenidos y especificaciones t\u00e9cnicas.\" \/>\n<meta property=\"og:url\" content=\"https:\/\/laatrevida.com\/en\/accesibilidad\/\" \/>\n<meta property=\"og:site_name\" content=\"La Atrevida Eventos\" \/>\n<meta property=\"article:modified_time\" content=\"2024-02-01T21:19:13+00:00\" \/>\n<meta name=\"twitter:card\" content=\"summary_large_image\" \/>\n<meta name=\"twitter:label1\" content=\"Estimated reading time\" \/>\n\t<meta name=\"twitter:data1\" content=\"4 minutes\" \/>\n<script type=\"application\/ld+json\" class=\"yoast-schema-graph\">{\"@context\":\"https:\/\/schema.org\",\"@graph\":[{\"@type\":\"WebPage\",\"@id\":\"https:\/\/laatrevida.com\/accesibilidad\/\",\"url\":\"https:\/\/laatrevida.com\/accesibilidad\/\",\"name\":\"Accesibilidad | La Atrevida Eventos\",\"isPartOf\":{\"@id\":\"https:\/\/laatrevida.com\/#website\"},\"datePublished\":\"2024-02-01T20:46:00+00:00\",\"dateModified\":\"2024-02-01T21:19:13+00:00\",\"description\":\"Declaraci\u00f3n de Accesibilidad de la web alcarent.es, d\u00f3nde se especifican todos los contenidos y especificaciones t\u00e9cnicas.\",\"breadcrumb\":{\"@id\":\"https:\/\/laatrevida.com\/accesibilidad\/#breadcrumb\"},\"inLanguage\":\"en-GB\",\"potentialAction\":[{\"@type\":\"ReadAction\",\"target\":[\"https:\/\/laatrevida.com\/accesibilidad\/\"]}]},{\"@type\":\"BreadcrumbList\",\"@id\":\"https:\/\/laatrevida.com\/accesibilidad\/#breadcrumb\",\"itemListElement\":[{\"@type\":\"ListItem\",\"position\":1,\"name\":\"Portada\",\"item\":\"https:\/\/laatrevida.com\/\"},{\"@type\":\"ListItem\",\"position\":2,\"name\":\"Accesibilidad\"}]},{\"@type\":\"WebSite\",\"@id\":\"https:\/\/laatrevida.com\/#website\",\"url\":\"https:\/\/laatrevida.com\/\",\"name\":\"La Atrevida Eventos\",\"description\":\"Wedding Planner y Eventos\",\"potentialAction\":[{\"@type\":\"SearchAction\",\"target\":{\"@type\":\"EntryPoint\",\"urlTemplate\":\"https:\/\/laatrevida.com\/?s={search_term_string}\"},\"query-input\":\"required name=search_term_string\"}],\"inLanguage\":\"en-GB\"}]}<\/script>\n<!-- \/ Yoast SEO plugin. -->","yoast_head_json":{"title":"Accesibilidad | La Atrevida Eventos","description":"Declaraci\u00f3n de Accesibilidad de la web alcarent.es, d\u00f3nde se especifican todos los contenidos y especificaciones t\u00e9cnicas.","robots":{"index":"index","follow":"follow","max-snippet":"max-snippet:-1","max-image-preview":"max-image-preview:large","max-video-preview":"max-video-preview:-1"},"canonical":"https:\/\/laatrevida.com\/en\/accesibilidad\/","og_locale":"en_GB","og_type":"article","og_title":"Accesibilidad | La Atrevida Eventos","og_description":"Declaraci\u00f3n de Accesibilidad de la web alcarent.es, d\u00f3nde se especifican todos los contenidos y especificaciones t\u00e9cnicas.","og_url":"https:\/\/laatrevida.com\/en\/accesibilidad\/","og_site_name":"La Atrevida Eventos","article_modified_time":"2024-02-01T21:19:13+00:00","twitter_card":"summary_large_image","twitter_misc":{"Estimated reading time":"4 minutes"},"schema":{"@context":"https:\/\/schema.org","@graph":[{"@type":"WebPage","@id":"https:\/\/laatrevida.com\/accesibilidad\/","url":"https:\/\/laatrevida.com\/accesibilidad\/","name":"Accesibilidad | La Atrevida Eventos","isPartOf":{"@id":"https:\/\/laatrevida.com\/#website"},"datePublished":"2024-02-01T20:46:00+00:00","dateModified":"2024-02-01T21:19:13+00:00","description":"Declaraci\u00f3n de Accesibilidad de la web alcarent.es, d\u00f3nde se especifican todos los contenidos y especificaciones t\u00e9cnicas.","breadcrumb":{"@id":"https:\/\/laatrevida.com\/accesibilidad\/#breadcrumb"},"inLanguage":"en-GB","potentialAction":[{"@type":"ReadAction","target":["https:\/\/laatrevida.com\/accesibilidad\/"]}]},{"@type":"BreadcrumbList","@id":"https:\/\/laatrevida.com\/accesibilidad\/#breadcrumb","itemListElement":[{"@type":"ListItem","position":1,"name":"Portada","item":"https:\/\/laatrevida.com\/"},{"@type":"ListItem","position":2,"name":"Accesibilidad"}]},{"@type":"WebSite","@id":"https:\/\/laatrevida.com\/#website","url":"https:\/\/laatrevida.com\/","name":"La Atrevida Eventos","description":"Wedding Planner y Eventos","potentialAction":[{"@type":"SearchAction","target":{"@type":"EntryPoint","urlTemplate":"https:\/\/laatrevida.com\/?s={search_term_string}"},"query-input":"required name=search_term_string"}],"inLanguage":"en-GB"}]}},"_links":{"self":[{"href":"https:\/\/laatrevida.com\/en\/wp-json\/wp\/v2\/pages\/1139"}],"collection":[{"href":"https:\/\/laatrevida.com\/en\/wp-json\/wp\/v2\/pages"}],"about":[{"href":"https:\/\/laatrevida.com\/en\/wp-json\/wp\/v2\/types\/page"}],"author":[{"embeddable":true,"href":"https:\/\/laatrevida.com\/en\/wp-json\/wp\/v2\/users\/1"}],"replies":[{"embeddable":true,"href":"https:\/\/laatrevida.com\/en\/wp-json\/wp\/v2\/comments?post=1139"}],"version-history":[{"count":5,"href":"https:\/\/laatrevida.com\/en\/wp-json\/wp\/v2\/pages\/1139\/revisions"}],"predecessor-version":[{"id":1157,"href":"https:\/\/laatrevida.com\/en\/wp-json\/wp\/v2\/pages\/1139\/revisions\/1157"}],"wp:attachment":[{"href":"https:\/\/laatrevida.com\/en\/wp-json\/wp\/v2\/media?parent=1139"}],"curies":[{"name":"wp","href":"https:\/\/api.w.org\/{rel}","templated":true}]}}